{"id":7737,"date":"2025-08-21T21:58:20","date_gmt":"2025-08-21T21:58:20","guid":{"rendered":"https:\/\/hakkiakgun.av.tr\/?page_id=7737"},"modified":"2025-08-23T00:41:35","modified_gmt":"2025-08-23T00:41:35","slug":"foreign-invested-company-formation-legal-advisory","status":"publish","type":"page","link":"https:\/\/hakkiakgun.av.tr\/tr\/services\/foreign-invested-company-formation-legal-advisory\/","title":{"rendered":"Yabanc\u0131 Yat\u0131r\u0131ml\u0131 \u015eirket Kurulu\u015fu \u2013 Hukuki Dan\u0131\u015fmanl\u0131k"},"content":{"rendered":"<div data-elementor-type=\"wp-page\" data-elementor-id=\"7737\" class=\"elementor elementor-7737\" data-elementor-post-type=\"page\">\n\t\t\t\t        <section class=\"elementor-section elementor-top-section elementor-element elementor-element-99ffda6 elementor-section-content-middle elementor-section-boxed elementor-section-height-default elementor-section-height-default kng-section-overflow-hidden-no kng-boxed-bg-false kng-section-boxed-divider-false\" data-id=\"99ffda6\" data-element_type=\"section\">\n                                             \n            <div class=\"elementor-container elementor-column-gap-wider\">\n                    <div class=\"elementor-column elementor-col-100 elementor-top-column elementor-element elementor-element-0a8bb7a kng-column-element-default\" data-id=\"0a8bb7a\" data-element_type=\"column\">\n                        <div class=\"elementor-widget-wrap elementor-element-populated\">\n                     \n            \n         \n        \t\t<div class=\"elementor-element elementor-element-da0c469 elementor-invisible elementor-widget elementor-widget-text-editor\" data-id=\"da0c469\" data-element_type=\"widget\" data-settings=\"{&quot;_animation&quot;:&quot;fadeInUp&quot;}\" data-widget_type=\"text-editor.default\">\n\t\t\t\t\t\t\t\t\t<h1>Yabanc\u0131 Sermayeli \u015eirket Kurulu\u015fu \u2013 Hukuki Dan\u0131\u015fmanl\u0131k<\/h1>\n\n<p>T\u00fcrkiye, stratejik konumu, gen\u00e7 n\u00fcfusu, geni\u015f i\u00e7 pazar\u0131 ve yat\u0131r\u0131m te\u015fvikleri sayesinde yabanc\u0131 yat\u0131r\u0131mc\u0131lar i\u00e7in cazip bir i\u015f ortam\u0131 sunmaktad\u0131r. Yabanc\u0131 sermayeli \u015firket kurulu\u015fu, hem yerli hem de uluslararas\u0131 yat\u0131r\u0131mc\u0131lar a\u00e7\u0131s\u0131ndan do\u011fru hukuki ad\u0131mlar\u0131n at\u0131lmas\u0131n\u0131 gerektirir.<\/p>\n\n<p>B\u00fcromuz, yabanc\u0131 yat\u0131r\u0131mc\u0131lar\u0131n T\u00fcrkiye\u2019de \u015firket kurma s\u00fcrecinde mevzuata uyum, izin ve bildirim i\u015flemleri, s\u00f6zle\u015fme haz\u0131rlama ve kurumsal yap\u0131land\u0131rma konular\u0131nda kapsaml\u0131 hukuki destek sunmaktad\u0131r.<\/p>\n\n<hr>\n\n<h2>Hizmet Alanlar\u0131m\u0131z<\/h2>\n\n<h3>\u015eirket T\u00fcr\u00fc Se\u00e7imi ve Kurulu\u015f \u0130\u015flemleri<\/h3>\n<ul>\n<li>Anonim, limited veya di\u011fer \u015firket t\u00fcrleri hakk\u0131nda hukuki de\u011ferlendirme<\/li>\n<li>Ticaret Sicili nezdinde kurulu\u015f ba\u015fvurular\u0131n\u0131n yap\u0131lmas\u0131<\/li>\n<li>Ana s\u00f6zle\u015fme haz\u0131rlanmas\u0131 ve noter onay\u0131<\/li>\n<\/ul>\n\n<h3>Yabanc\u0131 Ortak ve Y\u00f6neticiler \u0130\u00e7in \u0130\u015flemler<\/h3>\n<ul>\n<li>Vergi numaras\u0131 al\u0131nmas\u0131<\/li>\n<li>Oturma ve \u00c7al\u0131\u015fma \u0130zinleri<\/li>\n<li>Ortaklar kurulu ve y\u00f6netim organlar\u0131n\u0131n yap\u0131land\u0131r\u0131lmas\u0131<\/li>\n<\/ul>\n\n<h3>Yat\u0131r\u0131m Te\u015fvikleri ve Mevzuata Uyum<\/h3>\n<ul>\n<li>Yat\u0131r\u0131m te\u015fvik belgeleri ve KDV\/vergisel avantajlar<\/li>\n<li>Sekt\u00f6rel d\u00fczenlemeler ve \u00f6zel izin s\u00fcre\u00e7leri<\/li>\n<\/ul>\n\n<h3>\u015eirketin Faaliyete Ba\u015flamas\u0131<\/h3>\n<ul>\n<li>Banka hesab\u0131 a\u00e7\u0131l\u0131\u015f\u0131<\/li>\n<li>Muhasebe ve SGK kay\u0131t i\u015flemleri<\/li>\n<li>S\u00f6zle\u015fmelerin haz\u0131rlanmas\u0131 ve hukuki risklerin \u00f6nlenmesi<\/li>\n<\/ul>\n\n<hr>\n\n<h2>Neden Biz?<\/h2>\n<ul>\n<li>Yabanc\u0131 yat\u0131r\u0131mc\u0131lara \u00f6zel deneyim<\/li>\n<li>\u00c7ok dilli (T\u00fcrk\u00e7e-\u0130ngilizce) hukuki destek<\/li>\n<li>Ulusal ve uluslararas\u0131 yat\u0131r\u0131m mevzuat\u0131na h\u00e2kimiyet<\/li>\n<li>Gizlilik ve profesyonellik prensibi<\/li>\n<\/ul>\n\n<p><strong>T\u00fcrkiye\u2019de \u015firket kurmak isteyen yabanc\u0131 yat\u0131r\u0131mc\u0131lar i\u00e7in ba\u015ftan sona hukuki destek sunuyoruz. Bizimle ileti\u015fime ge\u00e7in.<\/strong><\/p> \t\t\t\t\t\t\t\t<\/div>\n\t\t\t\t\t<\/div>\n\t\t<\/div>\n\t\t            <\/div>\n        <\/section>\n        \t\t<\/div>","protected":false},"excerpt":{"rendered":"<p>Foreign-Invested Company Formation Turkey offers a favorable business environment for foreign investors thanks to its strategic location, young population, large domestic market, and investment incentives. Establishing a foreign-invested company requires careful legal planning and compliance with applicable laws. Our law firm provides comprehensive legal support to foreign investors in regulatory compliance, permits and notifications, contract [&hellip;]<\/p>","protected":false},"author":1,"featured_media":0,"parent":7642,"menu_order":0,"comment_status":"closed","ping_status":"closed","template":"","meta":{"footnotes":""},"class_list":["post-7737","page","type-page","status-publish","hentry","kng-no-post-thumbnail"],"yoast_head":"<!-- This site is optimized with the Yoast SEO plugin v25.7 - https:\/\/yoast.com\/wordpress\/plugins\/seo\/ -->\n<title>Foreign-Invested Company Formation \u2013 Legal Advisory - Hakk\u0131 Akgun Law Office<\/title>\n<meta name=\"description\" content=\"Professional foreign company formation services in Turkey. Expert legal support for foreign investors: regulatory compliance, permits, corporate structuring, contract drafting, and investment incentives. Complete assistance for establishing foreign-invested companies.\" \/>\n<meta name=\"robots\" content=\"index, follow, max-snippet:-1, max-image-preview:large, max-video-preview:-1\" \/>\n<link rel=\"canonical\" href=\"https:\/\/hakkiakgun.av.tr\/tr\/services\/foreign-invested-company-formation-legal-advisory\/\" \/>\n<meta property=\"og:locale\" content=\"tr_TR\" \/>\n<meta property=\"og:type\" content=\"article\" \/>\n<meta property=\"og:title\" content=\"Foreign-Invested Company Formation \u2013 Legal Advisory - Hakk\u0131 Akgun Law Office\" \/>\n<meta property=\"og:description\" content=\"Professional foreign company formation services in Turkey. Expert legal support for foreign investors: regulatory compliance, permits, corporate structuring, contract drafting, and investment incentives. Complete assistance for establishing foreign-invested companies.\" \/>\n<meta property=\"og:url\" content=\"https:\/\/hakkiakgun.av.tr\/tr\/services\/foreign-invested-company-formation-legal-advisory\/\" \/>\n<meta property=\"og:site_name\" content=\"Hakk\u0131 Akgun Law Office\" \/>\n<meta property=\"article:modified_time\" content=\"2025-08-23T00:41:35+00:00\" \/>\n<meta name=\"twitter:card\" content=\"summary_large_image\" \/>\n<meta name=\"twitter:label1\" content=\"Tahmini okuma s\u00fcresi\" \/>\n\t<meta name=\"twitter:data1\" content=\"2 dakika\" \/>\n<script type=\"application\/ld+json\" class=\"yoast-schema-graph\">{\"@context\":\"https:\/\/schema.org\",\"@graph\":[{\"@type\":\"WebPage\",\"@id\":\"https:\/\/hakkiakgun.av.tr\/services\/foreign-invested-company-formation-legal-advisory\/\",\"url\":\"https:\/\/hakkiakgun.av.tr\/services\/foreign-invested-company-formation-legal-advisory\/\",\"name\":\"Foreign-Invested Company Formation \u2013 Legal Advisory - Hakk\u0131 Akgun Law Office\",\"isPartOf\":{\"@id\":\"https:\/\/hakkiakgun.av.tr\/#website\"},\"datePublished\":\"2025-08-21T21:58:20+00:00\",\"dateModified\":\"2025-08-23T00:41:35+00:00\",\"description\":\"Professional foreign company formation services in Turkey. Expert legal support for foreign investors: regulatory compliance, permits, corporate structuring, contract drafting, and investment incentives. Complete assistance for establishing foreign-invested companies.\",\"breadcrumb\":{\"@id\":\"https:\/\/hakkiakgun.av.tr\/services\/foreign-invested-company-formation-legal-advisory\/#breadcrumb\"},\"inLanguage\":\"tr\",\"potentialAction\":[{\"@type\":\"ReadAction\",\"target\":[\"https:\/\/hakkiakgun.av.tr\/services\/foreign-invested-company-formation-legal-advisory\/\"]}]},{\"@type\":\"BreadcrumbList\",\"@id\":\"https:\/\/hakkiakgun.av.tr\/services\/foreign-invested-company-formation-legal-advisory\/#breadcrumb\",\"itemListElement\":[{\"@type\":\"ListItem\",\"position\":1,\"name\":\"Anasayfa\",\"item\":\"https:\/\/hakkiakgun.av.tr\/\"},{\"@type\":\"ListItem\",\"position\":2,\"name\":\"Services\",\"item\":\"https:\/\/hakkiakgun.av.tr\/services\/\"},{\"@type\":\"ListItem\",\"position\":3,\"name\":\"Foreign-Invested Company Formation \u2013 Legal Advisory\"}]},{\"@type\":\"WebSite\",\"@id\":\"https:\/\/hakkiakgun.av.tr\/#website\",\"url\":\"https:\/\/hakkiakgun.av.tr\/\",\"name\":\"Hakk\u0131 Akgun Law Office\",\"description\":\"International Experience, Local Expertise - Your Legal Success Partner\",\"potentialAction\":[{\"@type\":\"SearchAction\",\"target\":{\"@type\":\"EntryPoint\",\"urlTemplate\":\"https:\/\/hakkiakgun.av.tr\/?s={search_term_string}\"},\"query-input\":{\"@type\":\"PropertyValueSpecification\",\"valueRequired\":true,\"valueName\":\"search_term_string\"}}],\"inLanguage\":\"tr\"}]}<\/script>\n<!-- \/ Yoast SEO plugin. -->","yoast_head_json":{"title":"Foreign-Invested Company Formation \u2013 Legal Advisory - Hakk\u0131 Akgun Law Office","description":"Professional foreign company formation services in Turkey. Expert legal support for foreign investors: regulatory compliance, permits, corporate structuring, contract drafting, and investment incentives. Complete assistance for establishing foreign-invested companies.","robots":{"index":"index","follow":"follow","max-snippet":"max-snippet:-1","max-image-preview":"max-image-preview:large","max-video-preview":"max-video-preview:-1"},"canonical":"https:\/\/hakkiakgun.av.tr\/tr\/services\/foreign-invested-company-formation-legal-advisory\/","og_locale":"tr_TR","og_type":"article","og_title":"Foreign-Invested Company Formation \u2013 Legal Advisory - Hakk\u0131 Akgun Law Office","og_description":"Professional foreign company formation services in Turkey. Expert legal support for foreign investors: regulatory compliance, permits, corporate structuring, contract drafting, and investment incentives. Complete assistance for establishing foreign-invested companies.","og_url":"https:\/\/hakkiakgun.av.tr\/tr\/services\/foreign-invested-company-formation-legal-advisory\/","og_site_name":"Hakk\u0131 Akgun Law Office","article_modified_time":"2025-08-23T00:41:35+00:00","twitter_card":"summary_large_image","twitter_misc":{"Tahmini okuma s\u00fcresi":"2 dakika"},"schema":{"@context":"https:\/\/schema.org","@graph":[{"@type":"WebPage","@id":"https:\/\/hakkiakgun.av.tr\/services\/foreign-invested-company-formation-legal-advisory\/","url":"https:\/\/hakkiakgun.av.tr\/services\/foreign-invested-company-formation-legal-advisory\/","name":"Foreign-Invested Company Formation \u2013 Legal Advisory - Hakk\u0131 Akgun Law Office","isPartOf":{"@id":"https:\/\/hakkiakgun.av.tr\/#website"},"datePublished":"2025-08-21T21:58:20+00:00","dateModified":"2025-08-23T00:41:35+00:00","description":"Professional foreign company formation services in Turkey. Expert legal support for foreign investors: regulatory compliance, permits, corporate structuring, contract drafting, and investment incentives. Complete assistance for establishing foreign-invested companies.","breadcrumb":{"@id":"https:\/\/hakkiakgun.av.tr\/services\/foreign-invested-company-formation-legal-advisory\/#breadcrumb"},"inLanguage":"tr","potentialAction":[{"@type":"ReadAction","target":["https:\/\/hakkiakgun.av.tr\/services\/foreign-invested-company-formation-legal-advisory\/"]}]},{"@type":"BreadcrumbList","@id":"https:\/\/hakkiakgun.av.tr\/services\/foreign-invested-company-formation-legal-advisory\/#breadcrumb","itemListElement":[{"@type":"ListItem","position":1,"name":"Anasayfa","item":"https:\/\/hakkiakgun.av.tr\/"},{"@type":"ListItem","position":2,"name":"Services","item":"https:\/\/hakkiakgun.av.tr\/services\/"},{"@type":"ListItem","position":3,"name":"Foreign-Invested Company Formation \u2013 Legal Advisory"}]},{"@type":"WebSite","@id":"https:\/\/hakkiakgun.av.tr\/#website","url":"https:\/\/hakkiakgun.av.tr\/","name":"Hakk\u0131 Akgun Law Office","description":"International Experience, Local Expertise - Your Legal Success Partner","potentialAction":[{"@type":"SearchAction","target":{"@type":"EntryPoint","urlTemplate":"https:\/\/hakkiakgun.av.tr\/?s={search_term_string}"},"query-input":{"@type":"PropertyValueSpecification","valueRequired":true,"valueName":"search_term_string"}}],"inLanguage":"tr"}]}},"_links":{"self":[{"href":"https:\/\/hakkiakgun.av.tr\/tr\/wp-json\/wp\/v2\/pages\/7737","targetHints":{"allow":["GET"]}}],"collection":[{"href":"https:\/\/hakkiakgun.av.tr\/tr\/wp-json\/wp\/v2\/pages"}],"about":[{"href":"https:\/\/hakkiakgun.av.tr\/tr\/wp-json\/wp\/v2\/types\/page"}],"author":[{"embeddable":true,"href":"https:\/\/hakkiakgun.av.tr\/tr\/wp-json\/wp\/v2\/users\/1"}],"replies":[{"embeddable":true,"href":"https:\/\/hakkiakgun.av.tr\/tr\/wp-json\/wp\/v2\/comments?post=7737"}],"version-history":[{"count":4,"href":"https:\/\/hakkiakgun.av.tr\/tr\/wp-json\/wp\/v2\/pages\/7737\/revisions"}],"predecessor-version":[{"id":7781,"href":"https:\/\/hakkiakgun.av.tr\/tr\/wp-json\/wp\/v2\/pages\/7737\/revisions\/7781"}],"up":[{"embeddable":true,"href":"https:\/\/hakkiakgun.av.tr\/tr\/wp-json\/wp\/v2\/pages\/7642"}],"wp:attachment":[{"href":"https:\/\/hakkiakgun.av.tr\/tr\/wp-json\/wp\/v2\/media?parent=7737"}],"curies":[{"name":"wp","href":"https:\/\/api.w.org\/{rel}","templated":true}]}}