{"id":7735,"date":"2025-08-21T21:57:53","date_gmt":"2025-08-21T21:57:53","guid":{"rendered":"https:\/\/hakkiakgun.av.tr\/?page_id=7735"},"modified":"2025-08-23T00:41:09","modified_gmt":"2025-08-23T00:41:09","slug":"mergers-acquisitions-legal-advisory","status":"publish","type":"page","link":"https:\/\/hakkiakgun.av.tr\/tr\/services\/mergers-acquisitions-legal-advisory\/","title":{"rendered":"Birle\u015fme &amp; Sat\u0131n Alma \u2013 Hukuki Dan\u0131\u015fmanl\u0131k"},"content":{"rendered":"<div data-elementor-type=\"wp-page\" data-elementor-id=\"7735\" class=\"elementor elementor-7735\" data-elementor-post-type=\"page\">\n\t\t\t\t        <section class=\"elementor-section elementor-top-section elementor-element elementor-element-ab6d9d6 elementor-section-content-middle elementor-section-boxed elementor-section-height-default elementor-section-height-default kng-section-overflow-hidden-no kng-boxed-bg-false kng-section-boxed-divider-false\" data-id=\"ab6d9d6\" data-element_type=\"section\">\n                                             \n            <div class=\"elementor-container elementor-column-gap-wider\">\n                    <div class=\"elementor-column elementor-col-100 elementor-top-column elementor-element elementor-element-8559d4b kng-column-element-default\" data-id=\"8559d4b\" data-element_type=\"column\">\n                        <div class=\"elementor-widget-wrap elementor-element-populated\">\n                     \n            \n         \n        \t\t<div class=\"elementor-element elementor-element-62fc3e9 elementor-invisible elementor-widget elementor-widget-text-editor\" data-id=\"62fc3e9\" data-element_type=\"widget\" data-settings=\"{&quot;_animation&quot;:&quot;fadeInUp&quot;}\" data-widget_type=\"text-editor.default\">\n\t\t\t\t\t\t\t\t\t<h1>\u015eirket Birle\u015fmeleri ve Devralmalar\u0131 \u2013 Hukuki Dan\u0131\u015fmanl\u0131k<\/h1>\n\n<p>\u015eirket birle\u015fmeleri ve devralmalar\u0131 (M&amp;A), ticaret hukukunun en karma\u015f\u0131k ve stratejik alanlar\u0131ndan biridir. Bu s\u00fcre\u00e7, yaln\u0131zca \u015firketlerin finansal yap\u0131s\u0131n\u0131 de\u011fil, ayn\u0131 zamanda marka de\u011ferini, pazar pay\u0131n\u0131 ve gelecekteki yat\u0131r\u0131m planlar\u0131n\u0131 da do\u011frudan etkiler.<\/p>\n\n<p>B\u00fcromuz, birle\u015fme ve devralma i\u015flemlerinde hukuki risk analizi, s\u00f6zle\u015fme m\u00fczakereleri, due diligence (hukuki inceleme) ve s\u00fcre\u00e7 y\u00f6netimi konular\u0131nda kapsaml\u0131 dan\u0131\u015fmanl\u0131k hizmeti sunmaktad\u0131r.<\/p>\n\n<hr>\n\n<h2>Hizmet Alanlar\u0131m\u0131z<\/h2>\n\n<h3>Hukuki \u0130nceleme<\/h3>\n<ul>\n<li>Hedef \u015firketin hukuki ve ticari durumunun detayl\u0131 incelenmesi<\/li>\n<li>Mevzuata uyum, mevcut davalar, s\u00f6zle\u015fme y\u00fck\u00fcml\u00fcl\u00fckleri ve fikri m\u00fclkiyet haklar\u0131n\u0131n analizi<\/li>\n<\/ul>\n\n<h3>S\u00f6zle\u015fme Haz\u0131rlama ve M\u00fczakereler<\/h3>\n<ul>\n<li>Hisse devir s\u00f6zle\u015fmeleri, ortakl\u0131k s\u00f6zle\u015fmeleri, gizlilik anla\u015fmalar\u0131<\/li>\n<li>Taraflar aras\u0131nda m\u00fczakere ve s\u00f6zle\u015fme \u015fartlar\u0131n\u0131n hukuki g\u00fcvence alt\u0131na al\u0131nmas\u0131<\/li>\n<\/ul>\n\n<h3>Rekabet Hukuku ve \u0130zin S\u00fcre\u00e7leri<\/h3>\n<ul>\n<li>Rekabet Kurumu\u2019na bildirim ve izin ba\u015fvurular\u0131n\u0131n haz\u0131rlanmas\u0131<\/li>\n<li>Ulusal ve uluslararas\u0131 d\u00fczenlemelere uyumun sa\u011flanmas\u0131<\/li>\n<\/ul>\n\n<h3>Birle\u015fme ve Devralma S\u00fcre\u00e7 Y\u00f6netimi<\/h3>\n<ul>\n<li>\u015eirketlerin birle\u015fme prosed\u00fcrlerinin Ticaret Sicili nezdinde y\u00fcr\u00fct\u00fclmesi<\/li>\n<li>Sermaye art\u0131r\u0131m\u0131, hisse de\u011fi\u015fimi ve yeni \u015firket yap\u0131lanmalar\u0131n\u0131n planlanmas\u0131<\/li>\n<\/ul>\n\n<hr>\n\n<h2>Neden Biz?<\/h2>\n<ul>\n<li>Ulusal ve uluslararas\u0131 M&amp;A deneyimi<\/li>\n<li>Sekt\u00f6re \u00f6zel hukuki \u00e7\u00f6z\u00fcmler<\/li>\n<li>Finansal ve ticari hedeflerle uyumlu dan\u0131\u015fmanl\u0131k<\/li>\n<li>Gizlilik ve m\u00fcvekkil odakl\u0131 \u00e7al\u0131\u015fma prensibi<\/li>\n<\/ul>\n\n<p><strong>\u015eirket birle\u015fme ve devralma s\u00fcre\u00e7lerinizde hukuki riskleri en aza indirmek i\u00e7in bizimle ileti\u015fime ge\u00e7in.<\/strong><\/p> \t\t\t\t\t\t\t\t<\/div>\n\t\t\t\t\t<\/div>\n\t\t<\/div>\n\t\t            <\/div>\n        <\/section>\n        \t\t<\/div>","protected":false},"excerpt":{"rendered":"<p>Mergers &#038; Acquisitions (M&#038;A) Mergers and Acquisitions (M&#038;A) are among the most complex and strategic areas of commercial law. These transactions affect not only the financial structure of companies but also their brand value, market share, and future investment plans. Our law firm provides comprehensive legal advisory services in legal risk assessment, contract negotiations, due [&hellip;]<\/p>","protected":false},"author":1,"featured_media":0,"parent":7642,"menu_order":0,"comment_status":"closed","ping_status":"closed","template":"","meta":{"footnotes":""},"class_list":["post-7735","page","type-page","status-publish","hentry","kng-no-post-thumbnail"],"yoast_head":"<!-- This site is optimized with the Yoast SEO plugin v25.7 - https:\/\/yoast.com\/wordpress\/plugins\/seo\/ -->\n<title>Mergers &amp; Acquisitions \u2013 Legal Advisory - Hakk\u0131 Akgun Law Office<\/title>\n<meta name=\"description\" content=\"Professional M&amp;A legal services in Turkey. Expert advisory for mergers, acquisitions, due diligence, contract negotiations, and transaction management. Complete legal support for complex commercial transactions under Turkish commercial law.\" \/>\n<meta name=\"robots\" content=\"index, follow, max-snippet:-1, max-image-preview:large, max-video-preview:-1\" \/>\n<link rel=\"canonical\" href=\"https:\/\/hakkiakgun.av.tr\/tr\/services\/mergers-acquisitions-legal-advisory\/\" \/>\n<meta property=\"og:locale\" content=\"tr_TR\" \/>\n<meta property=\"og:type\" content=\"article\" \/>\n<meta property=\"og:title\" content=\"Mergers &amp; Acquisitions \u2013 Legal Advisory - Hakk\u0131 Akgun Law Office\" \/>\n<meta property=\"og:description\" content=\"Professional M&amp;A legal services in Turkey. Expert advisory for mergers, acquisitions, due diligence, contract negotiations, and transaction management. Complete legal support for complex commercial transactions under Turkish commercial law.\" \/>\n<meta property=\"og:url\" content=\"https:\/\/hakkiakgun.av.tr\/tr\/services\/mergers-acquisitions-legal-advisory\/\" \/>\n<meta property=\"og:site_name\" content=\"Hakk\u0131 Akgun Law Office\" \/>\n<meta property=\"article:modified_time\" content=\"2025-08-23T00:41:09+00:00\" \/>\n<meta name=\"twitter:card\" content=\"summary_large_image\" \/>\n<meta name=\"twitter:label1\" content=\"Tahmini okuma s\u00fcresi\" \/>\n\t<meta name=\"twitter:data1\" content=\"2 dakika\" \/>\n<script type=\"application\/ld+json\" class=\"yoast-schema-graph\">{\"@context\":\"https:\/\/schema.org\",\"@graph\":[{\"@type\":\"WebPage\",\"@id\":\"https:\/\/hakkiakgun.av.tr\/services\/mergers-acquisitions-legal-advisory\/\",\"url\":\"https:\/\/hakkiakgun.av.tr\/services\/mergers-acquisitions-legal-advisory\/\",\"name\":\"Mergers & Acquisitions \u2013 Legal Advisory - Hakk\u0131 Akgun Law Office\",\"isPartOf\":{\"@id\":\"https:\/\/hakkiakgun.av.tr\/#website\"},\"datePublished\":\"2025-08-21T21:57:53+00:00\",\"dateModified\":\"2025-08-23T00:41:09+00:00\",\"description\":\"Professional M&A legal services in Turkey. Expert advisory for mergers, acquisitions, due diligence, contract negotiations, and transaction management. Complete legal support for complex commercial transactions under Turkish commercial law.\",\"breadcrumb\":{\"@id\":\"https:\/\/hakkiakgun.av.tr\/services\/mergers-acquisitions-legal-advisory\/#breadcrumb\"},\"inLanguage\":\"tr\",\"potentialAction\":[{\"@type\":\"ReadAction\",\"target\":[\"https:\/\/hakkiakgun.av.tr\/services\/mergers-acquisitions-legal-advisory\/\"]}]},{\"@type\":\"BreadcrumbList\",\"@id\":\"https:\/\/hakkiakgun.av.tr\/services\/mergers-acquisitions-legal-advisory\/#breadcrumb\",\"itemListElement\":[{\"@type\":\"ListItem\",\"position\":1,\"name\":\"Anasayfa\",\"item\":\"https:\/\/hakkiakgun.av.tr\/\"},{\"@type\":\"ListItem\",\"position\":2,\"name\":\"Services\",\"item\":\"https:\/\/hakkiakgun.av.tr\/services\/\"},{\"@type\":\"ListItem\",\"position\":3,\"name\":\"Mergers &#038; Acquisitions \u2013 Legal Advisory\"}]},{\"@type\":\"WebSite\",\"@id\":\"https:\/\/hakkiakgun.av.tr\/#website\",\"url\":\"https:\/\/hakkiakgun.av.tr\/\",\"name\":\"Hakk\u0131 Akgun Law Office\",\"description\":\"International Experience, Local Expertise - Your Legal Success Partner\",\"potentialAction\":[{\"@type\":\"SearchAction\",\"target\":{\"@type\":\"EntryPoint\",\"urlTemplate\":\"https:\/\/hakkiakgun.av.tr\/?s={search_term_string}\"},\"query-input\":{\"@type\":\"PropertyValueSpecification\",\"valueRequired\":true,\"valueName\":\"search_term_string\"}}],\"inLanguage\":\"tr\"}]}<\/script>\n<!-- \/ Yoast SEO plugin. -->","yoast_head_json":{"title":"Mergers & Acquisitions \u2013 Legal Advisory - Hakk\u0131 Akgun Law Office","description":"Professional M&A legal services in Turkey. Expert advisory for mergers, acquisitions, due diligence, contract negotiations, and transaction management. Complete legal support for complex commercial transactions under Turkish commercial law.","robots":{"index":"index","follow":"follow","max-snippet":"max-snippet:-1","max-image-preview":"max-image-preview:large","max-video-preview":"max-video-preview:-1"},"canonical":"https:\/\/hakkiakgun.av.tr\/tr\/services\/mergers-acquisitions-legal-advisory\/","og_locale":"tr_TR","og_type":"article","og_title":"Mergers & Acquisitions \u2013 Legal Advisory - Hakk\u0131 Akgun Law Office","og_description":"Professional M&A legal services in Turkey. Expert advisory for mergers, acquisitions, due diligence, contract negotiations, and transaction management. Complete legal support for complex commercial transactions under Turkish commercial law.","og_url":"https:\/\/hakkiakgun.av.tr\/tr\/services\/mergers-acquisitions-legal-advisory\/","og_site_name":"Hakk\u0131 Akgun Law Office","article_modified_time":"2025-08-23T00:41:09+00:00","twitter_card":"summary_large_image","twitter_misc":{"Tahmini okuma s\u00fcresi":"2 dakika"},"schema":{"@context":"https:\/\/schema.org","@graph":[{"@type":"WebPage","@id":"https:\/\/hakkiakgun.av.tr\/services\/mergers-acquisitions-legal-advisory\/","url":"https:\/\/hakkiakgun.av.tr\/services\/mergers-acquisitions-legal-advisory\/","name":"Mergers & Acquisitions \u2013 Legal Advisory - Hakk\u0131 Akgun Law Office","isPartOf":{"@id":"https:\/\/hakkiakgun.av.tr\/#website"},"datePublished":"2025-08-21T21:57:53+00:00","dateModified":"2025-08-23T00:41:09+00:00","description":"Professional M&A legal services in Turkey. Expert advisory for mergers, acquisitions, due diligence, contract negotiations, and transaction management. Complete legal support for complex commercial transactions under Turkish commercial law.","breadcrumb":{"@id":"https:\/\/hakkiakgun.av.tr\/services\/mergers-acquisitions-legal-advisory\/#breadcrumb"},"inLanguage":"tr","potentialAction":[{"@type":"ReadAction","target":["https:\/\/hakkiakgun.av.tr\/services\/mergers-acquisitions-legal-advisory\/"]}]},{"@type":"BreadcrumbList","@id":"https:\/\/hakkiakgun.av.tr\/services\/mergers-acquisitions-legal-advisory\/#breadcrumb","itemListElement":[{"@type":"ListItem","position":1,"name":"Anasayfa","item":"https:\/\/hakkiakgun.av.tr\/"},{"@type":"ListItem","position":2,"name":"Services","item":"https:\/\/hakkiakgun.av.tr\/services\/"},{"@type":"ListItem","position":3,"name":"Mergers &#038; Acquisitions \u2013 Legal Advisory"}]},{"@type":"WebSite","@id":"https:\/\/hakkiakgun.av.tr\/#website","url":"https:\/\/hakkiakgun.av.tr\/","name":"Hakk\u0131 Akgun Law Office","description":"International Experience, Local Expertise - Your Legal Success Partner","potentialAction":[{"@type":"SearchAction","target":{"@type":"EntryPoint","urlTemplate":"https:\/\/hakkiakgun.av.tr\/?s={search_term_string}"},"query-input":{"@type":"PropertyValueSpecification","valueRequired":true,"valueName":"search_term_string"}}],"inLanguage":"tr"}]}},"_links":{"self":[{"href":"https:\/\/hakkiakgun.av.tr\/tr\/wp-json\/wp\/v2\/pages\/7735","targetHints":{"allow":["GET"]}}],"collection":[{"href":"https:\/\/hakkiakgun.av.tr\/tr\/wp-json\/wp\/v2\/pages"}],"about":[{"href":"https:\/\/hakkiakgun.av.tr\/tr\/wp-json\/wp\/v2\/types\/page"}],"author":[{"embeddable":true,"href":"https:\/\/hakkiakgun.av.tr\/tr\/wp-json\/wp\/v2\/users\/1"}],"replies":[{"embeddable":true,"href":"https:\/\/hakkiakgun.av.tr\/tr\/wp-json\/wp\/v2\/comments?post=7735"}],"version-history":[{"count":4,"href":"https:\/\/hakkiakgun.av.tr\/tr\/wp-json\/wp\/v2\/pages\/7735\/revisions"}],"predecessor-version":[{"id":7778,"href":"https:\/\/hakkiakgun.av.tr\/tr\/wp-json\/wp\/v2\/pages\/7735\/revisions\/7778"}],"up":[{"embeddable":true,"href":"https:\/\/hakkiakgun.av.tr\/tr\/wp-json\/wp\/v2\/pages\/7642"}],"wp:attachment":[{"href":"https:\/\/hakkiakgun.av.tr\/tr\/wp-json\/wp\/v2\/media?parent=7735"}],"curies":[{"name":"wp","href":"https:\/\/api.w.org\/{rel}","templated":true}]}}