{"id":7733,"date":"2025-08-21T21:57:23","date_gmt":"2025-08-21T21:57:23","guid":{"rendered":"https:\/\/hakkiakgun.av.tr\/?page_id=7733"},"modified":"2025-08-23T00:40:48","modified_gmt":"2025-08-23T00:40:48","slug":"criminal-law","status":"publish","type":"page","link":"https:\/\/hakkiakgun.av.tr\/tr\/services\/criminal-law\/","title":{"rendered":"Ceza Hukuku"},"content":{"rendered":"<div data-elementor-type=\"wp-page\" data-elementor-id=\"7733\" class=\"elementor elementor-7733\" data-elementor-post-type=\"page\">\n\t\t\t\t        <section class=\"elementor-section elementor-top-section elementor-element elementor-element-357729b elementor-section-content-middle elementor-section-boxed elementor-section-height-default elementor-section-height-default kng-section-overflow-hidden-no kng-boxed-bg-false kng-section-boxed-divider-false\" data-id=\"357729b\" data-element_type=\"section\">\n                                             \n            <div class=\"elementor-container elementor-column-gap-wider\">\n                    <div class=\"elementor-column elementor-col-100 elementor-top-column elementor-element elementor-element-1f130c2 kng-column-element-default\" data-id=\"1f130c2\" data-element_type=\"column\">\n                        <div class=\"elementor-widget-wrap elementor-element-populated\">\n                     \n            \n         \n        \t\t<div class=\"elementor-element elementor-element-ea82738 elementor-invisible elementor-widget elementor-widget-text-editor\" data-id=\"ea82738\" data-element_type=\"widget\" data-settings=\"{&quot;_animation&quot;:&quot;fadeInUp&quot;}\" data-widget_type=\"text-editor.default\">\n\t\t\t\t\t\t\t\t\t<h1>Ceza Hukuku<\/h1>\n\n<p>Ceza hukuku, su\u00e7 olarak tan\u0131mlanan fiilleri ve bu fiillere uygulanan ceza ve yapt\u0131r\u0131mlar\u0131 d\u00fczenler. Kamu d\u00fczenini ve bireysel g\u00fcvenli\u011fi korumak amac\u0131yla su\u00e7lar\u0131n \u00f6nlenmesi, kovu\u015fturulmas\u0131 ve cezaland\u0131r\u0131lmas\u0131n\u0131 kapsar. T\u00fcrkiye\u2019de ceza hukuku, T\u00fcrk Ceza Kanunu ve ilgili mevzuat taraf\u0131ndan d\u00fczenlenmektedir.<\/p>\n\n<hr>\n\n<h2>Ceza Hukuku Kapsam\u0131nda Hizmetlerimiz<\/h2>\n\n<h3>1.Savunma Hizmetleri<\/h3>\n<ul>\n<li>\u015e\u00fcpheli ve san\u0131k olarak m\u00fcvekkillerin haklar\u0131n\u0131n korunmas\u0131<\/li>\n<li>Ceza soru\u015fturmas\u0131 ve kovu\u015fturma s\u00fcre\u00e7lerinde etkin temsil<\/li>\n<\/ul>\n\n<h3>2.Tutuklama ve G\u00f6zalt\u0131 \u0130\u015flemleri<\/h3>\n<ul>\n<li>Hukuki destek ve itiraz s\u00fcre\u00e7leri<\/li>\n<li>Tutuklama kararlar\u0131na kar\u015f\u0131 ba\u015fvurular<\/li>\n<\/ul>\n\n<h3>3.Ceza \u0130nfaz ve Denetimli Serbestlik<\/h3>\n<ul>\n<li>Cezaevindeki haklar\u0131n korunmas\u0131<\/li>\n<li>Denetimli serbestlik tedbirleri hakk\u0131nda dan\u0131\u015fmanl\u0131k<\/li>\n<\/ul>\n\n<h3>4.Adli Kontrol ve Elektronik \u0130zleme<\/h3>\n<ul>\n<li>Adli kontrol \u015fartlar\u0131n\u0131n uygulanmas\u0131 ve takibi<\/li>\n<li>Elektronik kelep\u00e7e kullan\u0131m\u0131 ile ilgili hukuki destek<\/li>\n<\/ul>\n\n<h3>5.Tazminat Talepleri ve Su\u00e7tan Zarar G\u00f6renlerin Haklar\u0131<\/h3>\n<ul>\n<li>Ma\u011fdurlar\u0131n tazminat taleplerinin takibi<\/li>\n<li>Su\u00e7tan zarar g\u00f6renlerin hukuki haklar\u0131n\u0131n korunmas\u0131<\/li>\n<\/ul>\n\n<hr>\n\n<h2>Neden Profesyonel Hukuki Destek?<\/h2>\n\n<p>Ceza hukuku s\u00fcre\u00e7leri, m\u00fcvekkilin \u00f6zg\u00fcrl\u00fc\u011f\u00fcn\u00fc ve itibar\u0131n\u0131 do\u011frudan etkileyen kritik s\u00fcre\u00e7lerdir. Erken m\u00fcdahale, etkili savunma ve hukuki bilgi, ceza yarg\u0131lamas\u0131nda ba\u015far\u0131l\u0131 sonu\u00e7lar\u0131n anahtar\u0131d\u0131r. Deneyimli ekibimiz, m\u00fcvekkillerimizin haklar\u0131n\u0131 en \u00fcst d\u00fczeyde korumak i\u00e7in yan\u0131n\u0131zda.<\/p> \t\t\t\t\t\t\t\t<\/div>\n\t\t\t\t\t<\/div>\n\t\t<\/div>\n\t\t            <\/div>\n        <\/section>\n        \t\t<\/div>","protected":false},"excerpt":{"rendered":"<p>Criminal Law Criminal law regulates acts defined as crimes and the penalties and sanctions applied to these acts. It covers the prevention, prosecution, and punishment of offenses to protect public order and individual security. In Turkey, criminal law is governed by the Turkish Penal Code and related legislation. Our Criminal Law Services 1. Defense Services [&hellip;]<\/p>","protected":false},"author":1,"featured_media":0,"parent":7642,"menu_order":0,"comment_status":"closed","ping_status":"closed","template":"","meta":{"footnotes":""},"class_list":["post-7733","page","type-page","status-publish","hentry","kng-no-post-thumbnail"],"yoast_head":"<!-- This site is optimized with the Yoast SEO plugin v25.7 - https:\/\/yoast.com\/wordpress\/plugins\/seo\/ -->\n<title>Criminal Law - Hakk\u0131 Akgun Law Office<\/title>\n<meta name=\"description\" content=\"Professional criminal law services in Turkey. Expert legal guidance on criminal offenses, penalties, prosecution, defense, and legal procedures. Complete legal support under Turkish Penal Code and related legislation.\" \/>\n<meta name=\"robots\" content=\"index, follow, max-snippet:-1, max-image-preview:large, max-video-preview:-1\" \/>\n<link rel=\"canonical\" href=\"https:\/\/hakkiakgun.av.tr\/tr\/services\/criminal-law\/\" \/>\n<meta property=\"og:locale\" content=\"tr_TR\" \/>\n<meta property=\"og:type\" content=\"article\" \/>\n<meta property=\"og:title\" content=\"Criminal Law - Hakk\u0131 Akgun Law Office\" \/>\n<meta property=\"og:description\" content=\"Professional criminal law services in Turkey. Expert legal guidance on criminal offenses, penalties, prosecution, defense, and legal procedures. Complete legal support under Turkish Penal Code and related legislation.\" \/>\n<meta property=\"og:url\" content=\"https:\/\/hakkiakgun.av.tr\/tr\/services\/criminal-law\/\" \/>\n<meta property=\"og:site_name\" content=\"Hakk\u0131 Akgun Law Office\" \/>\n<meta property=\"article:modified_time\" content=\"2025-08-23T00:40:48+00:00\" \/>\n<meta name=\"twitter:card\" content=\"summary_large_image\" \/>\n<meta name=\"twitter:label1\" content=\"Tahmini okuma s\u00fcresi\" \/>\n\t<meta name=\"twitter:data1\" content=\"2 dakika\" \/>\n<script type=\"application\/ld+json\" class=\"yoast-schema-graph\">{\"@context\":\"https:\/\/schema.org\",\"@graph\":[{\"@type\":\"WebPage\",\"@id\":\"https:\/\/hakkiakgun.av.tr\/services\/criminal-law\/\",\"url\":\"https:\/\/hakkiakgun.av.tr\/services\/criminal-law\/\",\"name\":\"Criminal Law - Hakk\u0131 Akgun Law Office\",\"isPartOf\":{\"@id\":\"https:\/\/hakkiakgun.av.tr\/#website\"},\"datePublished\":\"2025-08-21T21:57:23+00:00\",\"dateModified\":\"2025-08-23T00:40:48+00:00\",\"description\":\"Professional criminal law services in Turkey. Expert legal guidance on criminal offenses, penalties, prosecution, defense, and legal procedures. Complete legal support under Turkish Penal Code and related legislation.\",\"breadcrumb\":{\"@id\":\"https:\/\/hakkiakgun.av.tr\/services\/criminal-law\/#breadcrumb\"},\"inLanguage\":\"tr\",\"potentialAction\":[{\"@type\":\"ReadAction\",\"target\":[\"https:\/\/hakkiakgun.av.tr\/services\/criminal-law\/\"]}]},{\"@type\":\"BreadcrumbList\",\"@id\":\"https:\/\/hakkiakgun.av.tr\/services\/criminal-law\/#breadcrumb\",\"itemListElement\":[{\"@type\":\"ListItem\",\"position\":1,\"name\":\"Anasayfa\",\"item\":\"https:\/\/hakkiakgun.av.tr\/\"},{\"@type\":\"ListItem\",\"position\":2,\"name\":\"Services\",\"item\":\"https:\/\/hakkiakgun.av.tr\/services\/\"},{\"@type\":\"ListItem\",\"position\":3,\"name\":\"Criminal Law\"}]},{\"@type\":\"WebSite\",\"@id\":\"https:\/\/hakkiakgun.av.tr\/#website\",\"url\":\"https:\/\/hakkiakgun.av.tr\/\",\"name\":\"Hakk\u0131 Akgun Law Office\",\"description\":\"International Experience, Local Expertise - Your Legal Success Partner\",\"potentialAction\":[{\"@type\":\"SearchAction\",\"target\":{\"@type\":\"EntryPoint\",\"urlTemplate\":\"https:\/\/hakkiakgun.av.tr\/?s={search_term_string}\"},\"query-input\":{\"@type\":\"PropertyValueSpecification\",\"valueRequired\":true,\"valueName\":\"search_term_string\"}}],\"inLanguage\":\"tr\"}]}<\/script>\n<!-- \/ Yoast SEO plugin. -->","yoast_head_json":{"title":"Criminal Law - Hakk\u0131 Akgun Law Office","description":"Professional criminal law services in Turkey. Expert legal guidance on criminal offenses, penalties, prosecution, defense, and legal procedures. Complete legal support under Turkish Penal Code and related legislation.","robots":{"index":"index","follow":"follow","max-snippet":"max-snippet:-1","max-image-preview":"max-image-preview:large","max-video-preview":"max-video-preview:-1"},"canonical":"https:\/\/hakkiakgun.av.tr\/tr\/services\/criminal-law\/","og_locale":"tr_TR","og_type":"article","og_title":"Criminal Law - Hakk\u0131 Akgun Law Office","og_description":"Professional criminal law services in Turkey. Expert legal guidance on criminal offenses, penalties, prosecution, defense, and legal procedures. Complete legal support under Turkish Penal Code and related legislation.","og_url":"https:\/\/hakkiakgun.av.tr\/tr\/services\/criminal-law\/","og_site_name":"Hakk\u0131 Akgun Law Office","article_modified_time":"2025-08-23T00:40:48+00:00","twitter_card":"summary_large_image","twitter_misc":{"Tahmini okuma s\u00fcresi":"2 dakika"},"schema":{"@context":"https:\/\/schema.org","@graph":[{"@type":"WebPage","@id":"https:\/\/hakkiakgun.av.tr\/services\/criminal-law\/","url":"https:\/\/hakkiakgun.av.tr\/services\/criminal-law\/","name":"Criminal Law - Hakk\u0131 Akgun Law Office","isPartOf":{"@id":"https:\/\/hakkiakgun.av.tr\/#website"},"datePublished":"2025-08-21T21:57:23+00:00","dateModified":"2025-08-23T00:40:48+00:00","description":"Professional criminal law services in Turkey. Expert legal guidance on criminal offenses, penalties, prosecution, defense, and legal procedures. Complete legal support under Turkish Penal Code and related legislation.","breadcrumb":{"@id":"https:\/\/hakkiakgun.av.tr\/services\/criminal-law\/#breadcrumb"},"inLanguage":"tr","potentialAction":[{"@type":"ReadAction","target":["https:\/\/hakkiakgun.av.tr\/services\/criminal-law\/"]}]},{"@type":"BreadcrumbList","@id":"https:\/\/hakkiakgun.av.tr\/services\/criminal-law\/#breadcrumb","itemListElement":[{"@type":"ListItem","position":1,"name":"Anasayfa","item":"https:\/\/hakkiakgun.av.tr\/"},{"@type":"ListItem","position":2,"name":"Services","item":"https:\/\/hakkiakgun.av.tr\/services\/"},{"@type":"ListItem","position":3,"name":"Criminal Law"}]},{"@type":"WebSite","@id":"https:\/\/hakkiakgun.av.tr\/#website","url":"https:\/\/hakkiakgun.av.tr\/","name":"Hakk\u0131 Akgun Law Office","description":"International Experience, Local Expertise - Your Legal Success Partner","potentialAction":[{"@type":"SearchAction","target":{"@type":"EntryPoint","urlTemplate":"https:\/\/hakkiakgun.av.tr\/?s={search_term_string}"},"query-input":{"@type":"PropertyValueSpecification","valueRequired":true,"valueName":"search_term_string"}}],"inLanguage":"tr"}]}},"_links":{"self":[{"href":"https:\/\/hakkiakgun.av.tr\/tr\/wp-json\/wp\/v2\/pages\/7733","targetHints":{"allow":["GET"]}}],"collection":[{"href":"https:\/\/hakkiakgun.av.tr\/tr\/wp-json\/wp\/v2\/pages"}],"about":[{"href":"https:\/\/hakkiakgun.av.tr\/tr\/wp-json\/wp\/v2\/types\/page"}],"author":[{"embeddable":true,"href":"https:\/\/hakkiakgun.av.tr\/tr\/wp-json\/wp\/v2\/users\/1"}],"replies":[{"embeddable":true,"href":"https:\/\/hakkiakgun.av.tr\/tr\/wp-json\/wp\/v2\/comments?post=7733"}],"version-history":[{"count":4,"href":"https:\/\/hakkiakgun.av.tr\/tr\/wp-json\/wp\/v2\/pages\/7733\/revisions"}],"predecessor-version":[{"id":7775,"href":"https:\/\/hakkiakgun.av.tr\/tr\/wp-json\/wp\/v2\/pages\/7733\/revisions\/7775"}],"up":[{"embeddable":true,"href":"https:\/\/hakkiakgun.av.tr\/tr\/wp-json\/wp\/v2\/pages\/7642"}],"wp:attachment":[{"href":"https:\/\/hakkiakgun.av.tr\/tr\/wp-json\/wp\/v2\/media?parent=7733"}],"curies":[{"name":"wp","href":"https:\/\/api.w.org\/{rel}","templated":true}]}}