{"id":7703,"date":"2025-08-21T21:41:30","date_gmt":"2025-08-21T21:41:30","guid":{"rendered":"https:\/\/hakkiakgun.av.tr\/?page_id=7703"},"modified":"2025-08-23T00:39:45","modified_gmt":"2025-08-23T00:39:45","slug":"immigration-law","status":"publish","type":"page","link":"https:\/\/hakkiakgun.av.tr\/tr\/services\/immigration-law\/","title":{"rendered":"G\u00f6\u00e7 Hukuku"},"content":{"rendered":"<div data-elementor-type=\"wp-page\" data-elementor-id=\"7703\" class=\"elementor elementor-7703\" data-elementor-post-type=\"page\">\n\t\t\t\t        <section class=\"elementor-section elementor-top-section elementor-element elementor-element-a84871d elementor-section-content-middle elementor-section-boxed elementor-section-height-default elementor-section-height-default kng-section-overflow-hidden-no kng-boxed-bg-false kng-section-boxed-divider-false\" data-id=\"a84871d\" data-element_type=\"section\">\n                                             \n            <div class=\"elementor-container elementor-column-gap-wider\">\n                    <div class=\"elementor-column elementor-col-100 elementor-top-column elementor-element elementor-element-1c6a4a0 kng-column-element-default\" data-id=\"1c6a4a0\" data-element_type=\"column\">\n                        <div class=\"elementor-widget-wrap elementor-element-populated\">\n                     \n            \n         \n        \t\t<div class=\"elementor-element elementor-element-6b809fc elementor-invisible elementor-widget elementor-widget-text-editor\" data-id=\"6b809fc\" data-element_type=\"widget\" data-settings=\"{&quot;_animation&quot;:&quot;fadeInUp&quot;}\" data-widget_type=\"text-editor.default\">\n\t\t\t\t\t\t\t\t\t<h1>G\u00f6\u00e7 Hukuku<\/h1>\n\n<p>G\u00f6\u00e7 hukuku, yabanc\u0131 uyruklu ki\u015filerin bir \u00fclkeye giri\u015fini, \u00fclkede ikametini, \u00e7al\u0131\u015fma haklar\u0131n\u0131, vatanda\u015fl\u0131k edinimini ve \u00fclkeden \u00e7\u0131k\u0131\u015f\u0131n\u0131 d\u00fczenleyen t\u00fcm yasal mevzuat\u0131 kapsar. T\u00fcrkiye\u2019de bu alan ba\u015fl\u0131ca **Yabanc\u0131lar ve Uluslararas\u0131 Koruma Kanunu (6458 say\u0131l\u0131 Kanun)**, **T\u00fcrk Vatanda\u015fl\u0131k Kanunu** ve ilgili ikincil mevzuat ile d\u00fczenlenmektedir.<\/p>\n\n<p>Immigration law is not limited to the application of legal provisions; it also involves safeguarding individuals&#8217; rights, ensuring their living standards, and adhering to international human rights norms.<\/p>\n\n<hr>\n\n<h2>G\u00f6\u00e7 Hukuku Hizmetlerimiz<\/h2>\n\n<h3>1. Oturma \u0130zni \u0130\u015flemleri<\/h3>\n<ul>\n<li><strong>K\u0131sa D\u00f6nem Oturma \u0130zni:<\/strong> T\u00fcrkiye\u2019de turistik, ticari veya t\u0131bbi ama\u00e7larla kalan yabanc\u0131lar i\u00e7in.<\/li>\n<li><strong>Aile \u0130kamet \u0130zni:<\/strong> Bir T\u00fcrk vatanda\u015f\u0131 veya yasal olarak ikamet eden yabanc\u0131 ile aile birli\u011fi kuranlar i\u00e7in.<\/li>\n<li><strong>\u00d6\u011frenci \u0130kamet \u0130zni:<\/strong> T\u00fcrkiye\u2019de e\u011fitim g\u00f6ren yabanc\u0131 \u00f6\u011frenciler i\u00e7in.<\/li>\n<li><strong>Uzun D\u00f6nem \u0130kamet \u0130zni:<\/strong> T\u00fcrkiye\u2019de uzun y\u0131llard\u0131r yasal ve kesintisiz olarak ikamet eden yabanc\u0131lar i\u00e7in.<\/li>\n<\/ul>\n\n<h3>\u00c7al\u0131\u015fma \u0130zinleri ve Yasal \u0130stihdam Prosed\u00fcrleri<\/h3>\n<ul>\n<li>T\u00fcrkiye\u2019de istihdam edilecek yabanc\u0131lar i\u00e7in \u00e7al\u0131\u015fma izinlerinin al\u0131nmas\u0131<\/li>\n<li>\u00c7al\u0131\u015fma izinlerinin yenilenmesi<\/li>\n<li>Yabanc\u0131 personel istihdam\u0131 i\u00e7in kurumsal dan\u0131\u015fmanl\u0131k<\/li>\n<\/ul>\n\n<h3>3. T\u00fcrk Vatanda\u015fl\u0131\u011f\u0131 Ba\u015fvurular\u0131<\/h3>\n<ul>\n<li>Do\u011fum, evlilik veya soy yoluyla vatanda\u015fl\u0131k kazan\u0131m\u0131<\/li>\n<li><strong>Yat\u0131r\u0131m yoluyla vatanda\u015fl\u0131k:<\/strong> T\u00fcrkiye\u2019de gayrimenkul edinimi, sermaye yat\u0131r\u0131m\u0131 veya istihdam yaratma yoluyla ba\u015fvurular<\/li>\n<li><strong>\u0130stisnai Vatanda\u015fl\u0131k Ba\u015fvurular\u0131:<\/strong> \u00d6zel durumlar i\u00e7in h\u0131zl\u0131 i\u015flem prosed\u00fcrleri<\/li>\n<\/ul>\n\n<h3>4. Uluslararas\u0131 Koruma ve \u0130ltica Prosed\u00fcrleri<\/h3>\n<ul>\n<li>M\u00fclteci, \u015fartl\u0131 m\u00fclteci ve tamamlay\u0131c\u0131 koruma stat\u00fcleri i\u00e7in ba\u015fvurular\u0131n haz\u0131rlanmas\u0131<\/li>\n<li>Red durumunda idari itirazlar ve dava s\u00fcre\u00e7leri<\/li>\n<li>BM M\u00fclteciler Y\u00fcksek Komiserli\u011fi (UNHCR) \u00f6n\u00fcndeki prosed\u00fcrlerin takibi<\/li>\n<\/ul>\n\n<h3>5. S\u0131n\u0131r D\u0131\u015f\u0131 (Tahliye) Kararlar\u0131na \u0130tirazlar<\/h3>\n<ul>\n<li>T\u00fcrkiye\u2019den idari s\u0131n\u0131r d\u0131\u015f\u0131 kararlar\u0131na kar\u015f\u0131 dava a\u00e7ma<\/li>\n<li>G\u00f6zalt\u0131 ve idari tutukluluk s\u00fcre\u00e7lerinin hukuki takibi<\/li>\n<li>\u0130dari g\u00f6zalt\u0131 alt\u0131nda bulunan ki\u015filerin serbest b\u0131rak\u0131lmas\u0131 i\u00e7in ba\u015fvurular<\/li>\n<\/ul>\n\n<h3>6. Yabanc\u0131 Yat\u0131r\u0131mc\u0131lar ve \u015eirket Kurulu\u015fu Dan\u0131\u015fmanl\u0131\u011f\u0131<\/h3>\n<ul>\n<li>Yabanc\u0131lar\u0131n T\u00fcrkiye\u2019de \u015firket kurma s\u00fcre\u00e7lerinin y\u00f6netimi<\/li>\n<li>Yabanc\u0131 yat\u0131r\u0131mlar\u0131n hukuki korunmas\u0131<\/li>\n<li>Ticari izinler ve vergi d\u00fczenlemeleri konusunda dan\u0131\u015fmanl\u0131k<\/li>\n<\/ul>\n\n<hr>\n\n<h2>Profesyonel Hukuki Yard\u0131m\u0131n Neden Elzem Oldu\u011fu<\/h2>\n\n<p>G\u00f6\u00e7 hukuku yaln\u0131zca hukuki bilgi de\u011fil, ayn\u0131 zamanda pratik deneyim, b\u00fcrokratik s\u00fcre\u00e7lerin etkin y\u00f6netimi ve uluslararas\u0131 hukuk bilgisi de gerektirir. Yanl\u0131\u015f veya eksik ba\u015fvurular, uzun gecikmeler, reddedilme ve hatta T\u00fcrkiye\u2019ye giri\u015f yasa\u011f\u0131 gibi ciddi sonu\u00e7lara yol a\u00e7abilir.<\/p>\n\n<p>T\u00fcrkiye\u2019de ve yurt d\u0131\u015f\u0131nda edindi\u011fimiz tecr\u00fcbeyle, m\u00fc\u015fterilerimizin ihtiya\u00e7lar\u0131na \u00f6zel, g\u00fcvenilir ve sonu\u00e7 odakl\u0131 \u00e7\u00f6z\u00fcmler sunuyoruz.<\/p> \t\t\t\t\t\t\t\t<\/div>\n\t\t\t\t\t<\/div>\n\t\t<\/div>\n\t\t            <\/div>\n        <\/section>\n        \t\t<\/div>","protected":false},"excerpt":{"rendered":"<p>Immigration Law Immigration law governs all legal regulations concerning the entry, residence, work rights, acquisition of citizenship, and departure of foreign nationals from a country. In Turkey, this field is regulated primarily by the Law on Foreigners and International Protection (Law No. 6458), the Turkish Citizenship Law, and relevant secondary legislation. Immigration law is not [&hellip;]<\/p>","protected":false},"author":1,"featured_media":0,"parent":7642,"menu_order":0,"comment_status":"closed","ping_status":"closed","template":"","meta":{"footnotes":""},"class_list":["post-7703","page","type-page","status-publish","hentry","kng-no-post-thumbnail"],"yoast_head":"<!-- This site is optimized with the Yoast SEO plugin v25.7 - https:\/\/yoast.com\/wordpress\/plugins\/seo\/ -->\n<title>Immigration Law - Hakk\u0131 Akgun Law Office<\/title>\n<meta name=\"description\" content=\"Professional immigration law services in Turkey. Expert legal guidance on foreigners&#039; rights, residence permits, work authorization, citizenship acquisition, and international protection. Complete legal support under Law No. 6458 and Turkish Citizenship Law.\" \/>\n<meta name=\"robots\" content=\"index, follow, max-snippet:-1, max-image-preview:large, max-video-preview:-1\" \/>\n<link rel=\"canonical\" href=\"https:\/\/hakkiakgun.av.tr\/tr\/services\/immigration-law\/\" \/>\n<meta property=\"og:locale\" content=\"tr_TR\" \/>\n<meta property=\"og:type\" content=\"article\" \/>\n<meta property=\"og:title\" content=\"Immigration Law - Hakk\u0131 Akgun Law Office\" \/>\n<meta property=\"og:description\" content=\"Professional immigration law services in Turkey. Expert legal guidance on foreigners&#039; rights, residence permits, work authorization, citizenship acquisition, and international protection. Complete legal support under Law No. 6458 and Turkish Citizenship Law.\" \/>\n<meta property=\"og:url\" content=\"https:\/\/hakkiakgun.av.tr\/tr\/services\/immigration-law\/\" \/>\n<meta property=\"og:site_name\" content=\"Hakk\u0131 Akgun Law Office\" \/>\n<meta property=\"article:modified_time\" content=\"2025-08-23T00:39:45+00:00\" \/>\n<meta name=\"twitter:card\" content=\"summary_large_image\" \/>\n<meta name=\"twitter:label1\" content=\"Tahmini okuma s\u00fcresi\" \/>\n\t<meta name=\"twitter:data1\" content=\"3 dakika\" \/>\n<script type=\"application\/ld+json\" class=\"yoast-schema-graph\">{\"@context\":\"https:\/\/schema.org\",\"@graph\":[{\"@type\":\"WebPage\",\"@id\":\"https:\/\/hakkiakgun.av.tr\/services\/immigration-law\/\",\"url\":\"https:\/\/hakkiakgun.av.tr\/services\/immigration-law\/\",\"name\":\"Immigration Law - Hakk\u0131 Akgun Law Office\",\"isPartOf\":{\"@id\":\"https:\/\/hakkiakgun.av.tr\/#website\"},\"datePublished\":\"2025-08-21T21:41:30+00:00\",\"dateModified\":\"2025-08-23T00:39:45+00:00\",\"description\":\"Professional immigration law services in Turkey. Expert legal guidance on foreigners' rights, residence permits, work authorization, citizenship acquisition, and international protection. Complete legal support under Law No. 6458 and Turkish Citizenship Law.\",\"breadcrumb\":{\"@id\":\"https:\/\/hakkiakgun.av.tr\/services\/immigration-law\/#breadcrumb\"},\"inLanguage\":\"tr\",\"potentialAction\":[{\"@type\":\"ReadAction\",\"target\":[\"https:\/\/hakkiakgun.av.tr\/services\/immigration-law\/\"]}]},{\"@type\":\"BreadcrumbList\",\"@id\":\"https:\/\/hakkiakgun.av.tr\/services\/immigration-law\/#breadcrumb\",\"itemListElement\":[{\"@type\":\"ListItem\",\"position\":1,\"name\":\"Anasayfa\",\"item\":\"https:\/\/hakkiakgun.av.tr\/\"},{\"@type\":\"ListItem\",\"position\":2,\"name\":\"Services\",\"item\":\"https:\/\/hakkiakgun.av.tr\/services\/\"},{\"@type\":\"ListItem\",\"position\":3,\"name\":\"Immigration Law\"}]},{\"@type\":\"WebSite\",\"@id\":\"https:\/\/hakkiakgun.av.tr\/#website\",\"url\":\"https:\/\/hakkiakgun.av.tr\/\",\"name\":\"Hakk\u0131 Akgun Law Office\",\"description\":\"International Experience, Local Expertise - Your Legal Success Partner\",\"potentialAction\":[{\"@type\":\"SearchAction\",\"target\":{\"@type\":\"EntryPoint\",\"urlTemplate\":\"https:\/\/hakkiakgun.av.tr\/?s={search_term_string}\"},\"query-input\":{\"@type\":\"PropertyValueSpecification\",\"valueRequired\":true,\"valueName\":\"search_term_string\"}}],\"inLanguage\":\"tr\"}]}<\/script>\n<!-- \/ Yoast SEO plugin. -->","yoast_head_json":{"title":"Immigration Law - Hakk\u0131 Akgun Law Office","description":"Professional immigration law services in Turkey. Expert legal guidance on foreigners' rights, residence permits, work authorization, citizenship acquisition, and international protection. Complete legal support under Law No. 6458 and Turkish Citizenship Law.","robots":{"index":"index","follow":"follow","max-snippet":"max-snippet:-1","max-image-preview":"max-image-preview:large","max-video-preview":"max-video-preview:-1"},"canonical":"https:\/\/hakkiakgun.av.tr\/tr\/services\/immigration-law\/","og_locale":"tr_TR","og_type":"article","og_title":"Immigration Law - Hakk\u0131 Akgun Law Office","og_description":"Professional immigration law services in Turkey. Expert legal guidance on foreigners' rights, residence permits, work authorization, citizenship acquisition, and international protection. Complete legal support under Law No. 6458 and Turkish Citizenship Law.","og_url":"https:\/\/hakkiakgun.av.tr\/tr\/services\/immigration-law\/","og_site_name":"Hakk\u0131 Akgun Law Office","article_modified_time":"2025-08-23T00:39:45+00:00","twitter_card":"summary_large_image","twitter_misc":{"Tahmini okuma s\u00fcresi":"3 dakika"},"schema":{"@context":"https:\/\/schema.org","@graph":[{"@type":"WebPage","@id":"https:\/\/hakkiakgun.av.tr\/services\/immigration-law\/","url":"https:\/\/hakkiakgun.av.tr\/services\/immigration-law\/","name":"Immigration Law - Hakk\u0131 Akgun Law Office","isPartOf":{"@id":"https:\/\/hakkiakgun.av.tr\/#website"},"datePublished":"2025-08-21T21:41:30+00:00","dateModified":"2025-08-23T00:39:45+00:00","description":"Professional immigration law services in Turkey. Expert legal guidance on foreigners' rights, residence permits, work authorization, citizenship acquisition, and international protection. Complete legal support under Law No. 6458 and Turkish Citizenship Law.","breadcrumb":{"@id":"https:\/\/hakkiakgun.av.tr\/services\/immigration-law\/#breadcrumb"},"inLanguage":"tr","potentialAction":[{"@type":"ReadAction","target":["https:\/\/hakkiakgun.av.tr\/services\/immigration-law\/"]}]},{"@type":"BreadcrumbList","@id":"https:\/\/hakkiakgun.av.tr\/services\/immigration-law\/#breadcrumb","itemListElement":[{"@type":"ListItem","position":1,"name":"Anasayfa","item":"https:\/\/hakkiakgun.av.tr\/"},{"@type":"ListItem","position":2,"name":"Services","item":"https:\/\/hakkiakgun.av.tr\/services\/"},{"@type":"ListItem","position":3,"name":"Immigration Law"}]},{"@type":"WebSite","@id":"https:\/\/hakkiakgun.av.tr\/#website","url":"https:\/\/hakkiakgun.av.tr\/","name":"Hakk\u0131 Akgun Law Office","description":"International Experience, Local Expertise - Your Legal Success Partner","potentialAction":[{"@type":"SearchAction","target":{"@type":"EntryPoint","urlTemplate":"https:\/\/hakkiakgun.av.tr\/?s={search_term_string}"},"query-input":{"@type":"PropertyValueSpecification","valueRequired":true,"valueName":"search_term_string"}}],"inLanguage":"tr"}]}},"_links":{"self":[{"href":"https:\/\/hakkiakgun.av.tr\/tr\/wp-json\/wp\/v2\/pages\/7703","targetHints":{"allow":["GET"]}}],"collection":[{"href":"https:\/\/hakkiakgun.av.tr\/tr\/wp-json\/wp\/v2\/pages"}],"about":[{"href":"https:\/\/hakkiakgun.av.tr\/tr\/wp-json\/wp\/v2\/types\/page"}],"author":[{"embeddable":true,"href":"https:\/\/hakkiakgun.av.tr\/tr\/wp-json\/wp\/v2\/users\/1"}],"replies":[{"embeddable":true,"href":"https:\/\/hakkiakgun.av.tr\/tr\/wp-json\/wp\/v2\/comments?post=7703"}],"version-history":[{"count":10,"href":"https:\/\/hakkiakgun.av.tr\/tr\/wp-json\/wp\/v2\/pages\/7703\/revisions"}],"predecessor-version":[{"id":7766,"href":"https:\/\/hakkiakgun.av.tr\/tr\/wp-json\/wp\/v2\/pages\/7703\/revisions\/7766"}],"up":[{"embeddable":true,"href":"https:\/\/hakkiakgun.av.tr\/tr\/wp-json\/wp\/v2\/pages\/7642"}],"wp:attachment":[{"href":"https:\/\/hakkiakgun.av.tr\/tr\/wp-json\/wp\/v2\/media?parent=7703"}],"curies":[{"name":"wp","href":"https:\/\/api.w.org\/{rel}","templated":true}]}}