{"id":7696,"date":"2025-08-21T21:28:32","date_gmt":"2025-08-21T21:28:32","guid":{"rendered":"https:\/\/hakkiakgun.av.tr\/?page_id=7696"},"modified":"2025-09-09T21:34:54","modified_gmt":"2025-09-09T21:34:54","slug":"calculators","status":"publish","type":"page","link":"https:\/\/hakkiakgun.av.tr\/tr\/calculators\/","title":{"rendered":"Hesaplamalar"},"content":{"rendered":"<div data-elementor-type=\"wp-page\" data-elementor-id=\"7696\" class=\"elementor elementor-7696\" data-elementor-post-type=\"page\">\n\t\t\t\t        <section class=\"elementor-section elementor-top-section elementor-element elementor-element-5ce9616 elementor-section-boxed elementor-section-height-default elementor-section-height-default kng-section-overflow-hidden-no kng-boxed-bg-false kng-section-boxed-divider-false\" data-id=\"5ce9616\" data-element_type=\"section\" data-settings=\"{&quot;background_background&quot;:&quot;classic&quot;}\">\n                                             \n            <div class=\"elementor-container elementor-column-gap-default\">\n                    <div class=\"elementor-column elementor-col-100 elementor-top-column elementor-element elementor-element-4707e9a kng-column-element-default\" data-id=\"4707e9a\" data-element_type=\"column\">\n                        <div class=\"elementor-widget-wrap elementor-element-populated\">\n                     \n            \n         \n        \t\t<div class=\"elementor-element elementor-element-abd77b6 kng-heading-layout-2 elementor-widget elementor-widget-kng_heading\" data-id=\"abd77b6\" data-element_type=\"widget\" data-widget_type=\"kng_heading.default\">\n\t\t\t\t<div class=\"elementor-widget-container\">\n\t\t\t\t\t<div class=\"kng-heading-wrap text-xs-center     text-center\">\n            <div class=\"item-sub-title style-divider\">\n            <span>Hesaplamalar<\/span>\n        <\/div>\n        <h2 class=\"item-title\">\n        <span>Hukuki Hesaplama Ara\u00e7lar\u0131<\/span>    <\/h2>\n<\/div>\n\n\t\t\t\t<\/div>\n\t\t\t\t<\/div>\n\t\t        <section class=\"elementor-section elementor-inner-section elementor-element elementor-element-f43fde3 kng-section-3cols elementor-section-boxed elementor-section-height-default elementor-section-height-default kng-section-overflow-hidden-no kng-boxed-bg-false kng-section-boxed-divider-false\" data-id=\"f43fde3\" data-element_type=\"section\">\n                                             \n            <div class=\"elementor-container elementor-column-gap-default\">\n                    <div class=\"elementor-column elementor-col-50 elementor-inner-column elementor-element elementor-element-92c4139 kng-column-element-default\" data-id=\"92c4139\" data-element_type=\"column\">\n                        <div class=\"elementor-widget-wrap elementor-element-populated\">\n                     \n            \n         \n        \t\t<div class=\"elementor-element elementor-element-a369638 kng-fancybox-layout-10 elementor-invisible elementor-widget elementor-widget-kng_fancy_box\" data-id=\"a369638\" data-element_type=\"widget\" data-settings=\"{&quot;_animation&quot;:&quot;fadeInUp&quot;,&quot;_animation_delay&quot;:200}\" data-widget_type=\"kng_fancy_box.default\">\n\t\t\t\t<div class=\"elementor-widget-container\">\n\t\t\t\t\t \r\n<div class=\"kng-fancybox d-flex relative\">\r\n    <div class=\"d-flex gutters-16 gutters-sm-25\">\r\n                    <div class=\"kng-fancy-icon-wrap col-auto relative kng-transition\">        <div aria-hidden=\"true\" class=\"kng-icon kng-transition kng-fancy-icon flaticon2 flaticon2-law\" style=\"\"><\/div>        <\/div>\r\n                 \r\n        <div class=\"kng-fancybox-content col kng-transition\">\r\n                        <div class=\"kng-fancy-title kng-heading h4 text-heading\">\r\n                Vize Ceza Hesaplay\u0131c\u0131s\u0131            <\/div>\r\n                                    <div class=\"kng-fancy-description text-body\">A\u015f\u0131m s\u00fcresi cezalar\u0131n\u0131 ve yapt\u0131r\u0131mlar\u0131n\u0131 hesaplay\u0131n<\/div>\r\n                    <\/div>\r\n    <\/div>  \r\n    <a class=\"btn-icon absolute\" href=\"https:\/\/hakkiakgun.av.tr\/tr\/services\/visa-penalty-calculator\/\"> \r\n        <span class=\"far fa-arrow-right\"><\/span>\r\n    <\/a><\/div>\r\n \r\n\r\n\r\n\r\n\t\t\t\t<\/div>\n\t\t\t\t<\/div>\n\t\t\t\t\t<\/div>\n\t\t<\/div>\n\t\t        <div class=\"elementor-column elementor-col-50 elementor-inner-column elementor-element elementor-element-a17bfb2 kng-column-element-default\" data-id=\"a17bfb2\" data-element_type=\"column\">\n                        <div class=\"elementor-widget-wrap elementor-element-populated\">\n                     \n            \n         \n        \t\t<div class=\"elementor-element elementor-element-5d280ab kng-fancybox-layout-10 elementor-invisible elementor-widget elementor-widget-kng_fancy_box\" data-id=\"5d280ab\" data-element_type=\"widget\" data-settings=\"{&quot;_animation&quot;:&quot;fadeInUp&quot;,&quot;_animation_delay&quot;:300}\" data-widget_type=\"kng_fancy_box.default\">\n\t\t\t\t<div class=\"elementor-widget-container\">\n\t\t\t\t\t \r\n<div class=\"kng-fancybox d-flex relative\">\r\n    <div class=\"d-flex gutters-16 gutters-sm-25\">\r\n                    <div class=\"kng-fancy-icon-wrap col-auto relative kng-transition\">        <div aria-hidden=\"true\" class=\"kng-icon kng-transition kng-fancy-icon flaticon2 flaticon2-protection\" style=\"\"><\/div>        <\/div>\r\n                 \r\n        <div class=\"kng-fancybox-content col kng-transition\">\r\n                        <div class=\"kng-fancy-title kng-heading h4 text-heading\">\r\n                H\u00fck\u00fcm \u0130nfaz\u0131 Hesaplay\u0131c\u0131s\u0131            <\/div>\r\n                                    <div class=\"kng-fancy-description text-body\">Hapis cezas\u0131 ve tahliye tarihlerini hesaplay\u0131n<\/div>\r\n                    <\/div>\r\n    <\/div>  \r\n    <a class=\"btn-icon absolute\" href=\"https:\/\/hakkiakgun.av.tr\/tr\/services\/sentence-execution-calculator\/\"> \r\n        <span class=\"far fa-arrow-right\"><\/span>\r\n    <\/a><\/div>\r\n \r\n\r\n\r\n\r\n\t\t\t\t<\/div>\n\t\t\t\t<\/div>\n\t\t\t\t\t<\/div>\n\t\t<\/div>\n\t\t            <\/div>\n        <\/section>\n        \t\t\t<\/div>\n\t\t<\/div>\n\t\t            <\/div>\n        <\/section>\n        \t\t<\/div>","protected":false},"excerpt":{"rendered":"<p>Calculators Legal Calculation Tools Visa Penalty Calculator Calculate overstay fines and penalties Sentence Execution Calculator Calculate prison sentence and release dates<\/p>","protected":false},"author":1,"featured_media":0,"parent":0,"menu_order":0,"comment_status":"closed","ping_status":"closed","template":"","meta":{"footnotes":""},"class_list":["post-7696","page","type-page","status-publish","hentry","kng-no-post-thumbnail"],"yoast_head":"<!-- This site is optimized with the Yoast SEO plugin v25.7 - https:\/\/yoast.com\/wordpress\/plugins\/seo\/ -->\n<title>Calculators - Hakk\u0131 Akgun Law Office<\/title>\n<meta name=\"description\" content=\"At Hakk\u0131 Akg\u00fcn Law Office, we provide comprehensive legal services in Istanbul, covering immigration, criminal, and family law.\" \/>\n<meta name=\"robots\" content=\"index, follow, max-snippet:-1, max-image-preview:large, max-video-preview:-1\" \/>\n<link rel=\"canonical\" href=\"https:\/\/hakkiakgun.av.tr\/tr\/calculators\/\" \/>\n<meta property=\"og:locale\" content=\"tr_TR\" \/>\n<meta property=\"og:type\" content=\"article\" \/>\n<meta property=\"og:title\" content=\"Calculators - Hakk\u0131 Akgun Law Office\" \/>\n<meta property=\"og:description\" content=\"At Hakk\u0131 Akg\u00fcn Law Office, we provide comprehensive legal services in Istanbul, covering immigration, criminal, and family law.\" \/>\n<meta property=\"og:url\" content=\"https:\/\/hakkiakgun.av.tr\/tr\/calculators\/\" \/>\n<meta property=\"og:site_name\" content=\"Hakk\u0131 Akgun Law Office\" \/>\n<meta property=\"article:modified_time\" content=\"2025-09-09T21:34:54+00:00\" \/>\n<meta name=\"twitter:card\" content=\"summary_large_image\" \/>\n<meta name=\"twitter:label1\" content=\"Tahmini okuma s\u00fcresi\" \/>\n\t<meta name=\"twitter:data1\" content=\"1 dakika\" \/>\n<script type=\"application\/ld+json\" class=\"yoast-schema-graph\">{\"@context\":\"https:\/\/schema.org\",\"@graph\":[{\"@type\":\"WebPage\",\"@id\":\"https:\/\/hakkiakgun.av.tr\/calculators\/\",\"url\":\"https:\/\/hakkiakgun.av.tr\/calculators\/\",\"name\":\"Calculators - Hakk\u0131 Akgun Law Office\",\"isPartOf\":{\"@id\":\"https:\/\/hakkiakgun.av.tr\/#website\"},\"datePublished\":\"2025-08-21T21:28:32+00:00\",\"dateModified\":\"2025-09-09T21:34:54+00:00\",\"description\":\"At Hakk\u0131 Akg\u00fcn Law Office, we provide comprehensive legal services in Istanbul, covering immigration, criminal, and family law.\",\"breadcrumb\":{\"@id\":\"https:\/\/hakkiakgun.av.tr\/calculators\/#breadcrumb\"},\"inLanguage\":\"tr\",\"potentialAction\":[{\"@type\":\"ReadAction\",\"target\":[\"https:\/\/hakkiakgun.av.tr\/calculators\/\"]}]},{\"@type\":\"BreadcrumbList\",\"@id\":\"https:\/\/hakkiakgun.av.tr\/calculators\/#breadcrumb\",\"itemListElement\":[{\"@type\":\"ListItem\",\"position\":1,\"name\":\"Anasayfa\",\"item\":\"https:\/\/hakkiakgun.av.tr\/\"},{\"@type\":\"ListItem\",\"position\":2,\"name\":\"Calculators\"}]},{\"@type\":\"WebSite\",\"@id\":\"https:\/\/hakkiakgun.av.tr\/#website\",\"url\":\"https:\/\/hakkiakgun.av.tr\/\",\"name\":\"Hakk\u0131 Akgun Law Office\",\"description\":\"International Experience, Local Expertise - Your Legal Success Partner\",\"potentialAction\":[{\"@type\":\"SearchAction\",\"target\":{\"@type\":\"EntryPoint\",\"urlTemplate\":\"https:\/\/hakkiakgun.av.tr\/?s={search_term_string}\"},\"query-input\":{\"@type\":\"PropertyValueSpecification\",\"valueRequired\":true,\"valueName\":\"search_term_string\"}}],\"inLanguage\":\"tr\"}]}<\/script>\n<!-- \/ Yoast SEO plugin. -->","yoast_head_json":{"title":"Calculators - Hakk\u0131 Akgun Law Office","description":"At Hakk\u0131 Akg\u00fcn Law Office, we provide comprehensive legal services in Istanbul, covering immigration, criminal, and family law.","robots":{"index":"index","follow":"follow","max-snippet":"max-snippet:-1","max-image-preview":"max-image-preview:large","max-video-preview":"max-video-preview:-1"},"canonical":"https:\/\/hakkiakgun.av.tr\/tr\/calculators\/","og_locale":"tr_TR","og_type":"article","og_title":"Calculators - Hakk\u0131 Akgun Law Office","og_description":"At Hakk\u0131 Akg\u00fcn Law Office, we provide comprehensive legal services in Istanbul, covering immigration, criminal, and family law.","og_url":"https:\/\/hakkiakgun.av.tr\/tr\/calculators\/","og_site_name":"Hakk\u0131 Akgun Law Office","article_modified_time":"2025-09-09T21:34:54+00:00","twitter_card":"summary_large_image","twitter_misc":{"Tahmini okuma s\u00fcresi":"1 dakika"},"schema":{"@context":"https:\/\/schema.org","@graph":[{"@type":"WebPage","@id":"https:\/\/hakkiakgun.av.tr\/calculators\/","url":"https:\/\/hakkiakgun.av.tr\/calculators\/","name":"Calculators - Hakk\u0131 Akgun Law Office","isPartOf":{"@id":"https:\/\/hakkiakgun.av.tr\/#website"},"datePublished":"2025-08-21T21:28:32+00:00","dateModified":"2025-09-09T21:34:54+00:00","description":"At Hakk\u0131 Akg\u00fcn Law Office, we provide comprehensive legal services in Istanbul, covering immigration, criminal, and family law.","breadcrumb":{"@id":"https:\/\/hakkiakgun.av.tr\/calculators\/#breadcrumb"},"inLanguage":"tr","potentialAction":[{"@type":"ReadAction","target":["https:\/\/hakkiakgun.av.tr\/calculators\/"]}]},{"@type":"BreadcrumbList","@id":"https:\/\/hakkiakgun.av.tr\/calculators\/#breadcrumb","itemListElement":[{"@type":"ListItem","position":1,"name":"Anasayfa","item":"https:\/\/hakkiakgun.av.tr\/"},{"@type":"ListItem","position":2,"name":"Calculators"}]},{"@type":"WebSite","@id":"https:\/\/hakkiakgun.av.tr\/#website","url":"https:\/\/hakkiakgun.av.tr\/","name":"Hakk\u0131 Akgun Law Office","description":"International Experience, Local Expertise - Your Legal Success Partner","potentialAction":[{"@type":"SearchAction","target":{"@type":"EntryPoint","urlTemplate":"https:\/\/hakkiakgun.av.tr\/?s={search_term_string}"},"query-input":{"@type":"PropertyValueSpecification","valueRequired":true,"valueName":"search_term_string"}}],"inLanguage":"tr"}]}},"_links":{"self":[{"href":"https:\/\/hakkiakgun.av.tr\/tr\/wp-json\/wp\/v2\/pages\/7696","targetHints":{"allow":["GET"]}}],"collection":[{"href":"https:\/\/hakkiakgun.av.tr\/tr\/wp-json\/wp\/v2\/pages"}],"about":[{"href":"https:\/\/hakkiakgun.av.tr\/tr\/wp-json\/wp\/v2\/types\/page"}],"author":[{"embeddable":true,"href":"https:\/\/hakkiakgun.av.tr\/tr\/wp-json\/wp\/v2\/users\/1"}],"replies":[{"embeddable":true,"href":"https:\/\/hakkiakgun.av.tr\/tr\/wp-json\/wp\/v2\/comments?post=7696"}],"version-history":[{"count":4,"href":"https:\/\/hakkiakgun.av.tr\/tr\/wp-json\/wp\/v2\/pages\/7696\/revisions"}],"predecessor-version":[{"id":8138,"href":"https:\/\/hakkiakgun.av.tr\/tr\/wp-json\/wp\/v2\/pages\/7696\/revisions\/8138"}],"wp:attachment":[{"href":"https:\/\/hakkiakgun.av.tr\/tr\/wp-json\/wp\/v2\/media?parent=7696"}],"curies":[{"name":"wp","href":"https:\/\/api.w.org\/{rel}","templated":true}]}}