{"id":7642,"date":"2025-08-20T22:27:35","date_gmt":"2025-08-20T22:27:35","guid":{"rendered":"https:\/\/hakkiakgun.av.tr\/?page_id=7642"},"modified":"2025-08-21T22:25:02","modified_gmt":"2025-08-21T22:25:02","slug":"services","status":"publish","type":"page","link":"https:\/\/hakkiakgun.av.tr\/tr\/services\/","title":{"rendered":"Servisler"},"content":{"rendered":"<div data-elementor-type=\"wp-page\" data-elementor-id=\"7642\" class=\"elementor elementor-7642\" data-elementor-post-type=\"page\">\n\t\t\t\t        <section class=\"elementor-section elementor-top-section elementor-element elementor-element-8e10035 elementor-section-boxed elementor-section-height-default elementor-section-height-default kng-section-overflow-hidden-no kng-boxed-bg-false kng-section-boxed-divider-false\" data-id=\"8e10035\" data-element_type=\"section\">\n                                             \n            <div class=\"elementor-container elementor-column-gap-default\">\n                    <div class=\"elementor-column elementor-col-100 elementor-top-column elementor-element elementor-element-7da9a68 kng-column-element-default\" data-id=\"7da9a68\" data-element_type=\"column\">\n                        <div class=\"elementor-widget-wrap elementor-element-populated\">\n                     \n            \n         \n        \t\t<div class=\"elementor-element elementor-element-ccfbce7 kng-heading-layout-2 elementor-widget elementor-widget-kng_heading\" data-id=\"ccfbce7\" data-element_type=\"widget\" data-widget_type=\"kng_heading.default\">\n\t\t\t\t<div class=\"elementor-widget-container\">\n\t\t\t\t\t<div class=\"kng-heading-wrap text-xs-center     text-center\">\n            <div class=\"item-sub-title style-divider\">\n            <span>Temel \u00d6zellikler<\/span>\n        <\/div>\n        <h2 class=\"item-title\">\n        <span>Sundu\u011fumuz Hizmetler<\/span>    <\/h2>\n<\/div>\n\n\t\t\t\t<\/div>\n\t\t\t\t<\/div>\n\t\t\t\t\t<\/div>\n\t\t<\/div>\n\t\t            <\/div>\n        <\/section>\n                <section class=\"elementor-section elementor-top-section elementor-element elementor-element-e8046b7 elementor-section-boxed elementor-section-height-default elementor-section-height-default kng-section-overflow-hidden-no kng-boxed-bg-false kng-section-boxed-divider-false\" data-id=\"e8046b7\" data-element_type=\"section\">\n                                             \n            <div class=\"elementor-container elementor-column-gap-default\">\n                    <div class=\"elementor-column elementor-col-50 elementor-top-column elementor-element elementor-element-9f0d4a5 kng-column-element-default\" data-id=\"9f0d4a5\" data-element_type=\"column\">\n                        <div class=\"elementor-widget-wrap elementor-element-populated\">\n                     \n            \n         \n        \t\t<div class=\"elementor-element elementor-element-8ef00df kng-fancybox-layout-9 elementor-invisible elementor-widget elementor-widget-kng_fancy_box\" data-id=\"8ef00df\" data-element_type=\"widget\" data-settings=\"{&quot;_animation&quot;:&quot;fadeInUp&quot;,&quot;_animation_delay&quot;:200}\" data-widget_type=\"kng_fancy_box.default\">\n\t\t\t\t<div class=\"elementor-widget-container\">\n\t\t\t\t\t \r\n<div class=\"kng-fancybox relative\">\r\n    <div class=\"fancy-inner text-center\">\r\n                    <div class=\"kng-fancy-icon-wrap relative kng-transition\">        <div aria-hidden=\"true\" class=\"kng-icon kng-transition kng-fancy-icon flaticon2 flaticon2-law-1\" style=\"\"><\/div>        <\/div>\r\n                 \r\n        <div class=\"kng-fancybox-content kng-transition\">\r\n                        <div class=\"kng-fancy-title kng-heading h4 text-heading\"> \r\n                G\u00f6\u00e7 Hukuku \r\n            <\/div>\r\n                                    <div class=\"kng-fancy-description text-body\">Oturma izinleri, \u00e7al\u0131\u015fma izinleri, uluslararas\u0131 koruma ba\u015fvurular\u0131 ve s\u0131n\u0131r d\u0131\u015f\u0131 kararlar\u0131na itirazlar konusunda uzman hizmetler.<\/div>\r\n                        <a class=\"btn btn-secondary\" href=\"https:\/\/hakkiakgun.av.tr\/tr\/services\/immigration-law\/\">                <span class=\"kng-btn-content kng-btn-content-\">\r\n                    <span class=\"kng-btn-text\">Devam\u0131n\u0131 Oku<\/span>\r\n                        <span class=\"kng-btn-icon kng-align-icon-right  rtl-flip\"> <i aria-hidden=\"true\" class=\"kngi kngi-arrow-right-solid\"><\/i> <\/span>\r\n                <\/span>\r\n            <\/a>        <\/div>\r\n    <\/div>   \r\n<\/div>\r\n \r\n\r\n\r\n\r\n\t\t\t\t<\/div>\n\t\t\t\t<\/div>\n\t\t\t\t\t<\/div>\n\t\t<\/div>\n\t\t        <div class=\"elementor-column elementor-col-50 elementor-top-column elementor-element elementor-element-61656ae kng-column-element-default\" data-id=\"61656ae\" data-element_type=\"column\">\n                        <div class=\"elementor-widget-wrap elementor-element-populated\">\n                     \n            \n         \n        \t\t<div class=\"elementor-element elementor-element-56383f7 kng-fancybox-layout-9 elementor-invisible elementor-widget elementor-widget-kng_fancy_box\" data-id=\"56383f7\" data-element_type=\"widget\" data-settings=\"{&quot;_animation&quot;:&quot;fadeInUp&quot;,&quot;_animation_delay&quot;:300}\" data-widget_type=\"kng_fancy_box.default\">\n\t\t\t\t<div class=\"elementor-widget-container\">\n\t\t\t\t\t \r\n<div class=\"kng-fancybox relative\">\r\n    <div class=\"fancy-inner text-center\">\r\n                    <div class=\"kng-fancy-icon-wrap relative kng-transition\">        <div aria-hidden=\"true\" class=\"kng-icon kng-transition kng-fancy-icon kngi kngi-diploma\" style=\"\"><\/div>        <\/div>\r\n                 \r\n        <div class=\"kng-fancybox-content kng-transition\">\r\n                        <div class=\"kng-fancy-title kng-heading h4 text-heading\"> \r\n                Vatanda\u015fl\u0131k \u0130\u015flemleri \r\n            <\/div>\r\n                                    <div class=\"kng-fancy-description text-body\">Yat\u0131r\u0131m, evlilik, do\u011fum ve istisnai vatanda\u015fl\u0131k s\u00fcre\u00e7leri arac\u0131l\u0131\u011f\u0131yla vatanda\u015fl\u0131k ba\u015fvurular\u0131.<br \/>\n<br \/>\n<\/div>\r\n                        <a class=\"btn btn-secondary\" href=\"https:\/\/hakkiakgun.av.tr\/tr\/services\/citizenship-procedures\/\">                <span class=\"kng-btn-content kng-btn-content-\">\r\n                    <span class=\"kng-btn-text\">Devam\u0131n\u0131 Oku<\/span>\r\n                        <span class=\"kng-btn-icon kng-align-icon-right  rtl-flip\"> <i aria-hidden=\"true\" class=\"kngi kngi-arrow-right-solid\"><\/i> <\/span>\r\n                <\/span>\r\n            <\/a>        <\/div>\r\n    <\/div>   \r\n<\/div>\r\n \r\n\r\n\r\n\r\n\t\t\t\t<\/div>\n\t\t\t\t<\/div>\n\t\t\t\t\t<\/div>\n\t\t<\/div>\n\t\t            <\/div>\n        <\/section>\n                <section class=\"elementor-section elementor-top-section elementor-element elementor-element-d8b4eeb elementor-section-boxed elementor-section-height-default elementor-section-height-default kng-section-overflow-hidden-no kng-boxed-bg-false kng-section-boxed-divider-false\" data-id=\"d8b4eeb\" data-element_type=\"section\">\n                                             \n            <div class=\"elementor-container elementor-column-gap-default\">\n                    <div class=\"elementor-column elementor-col-50 elementor-top-column elementor-element elementor-element-8d6ab25 kng-column-element-default\" data-id=\"8d6ab25\" data-element_type=\"column\">\n                        <div class=\"elementor-widget-wrap elementor-element-populated\">\n                     \n            \n         \n        \t\t<div class=\"elementor-element elementor-element-3e7449d kng-fancybox-layout-9 elementor-invisible elementor-widget elementor-widget-kng_fancy_box\" data-id=\"3e7449d\" data-element_type=\"widget\" data-settings=\"{&quot;_animation&quot;:&quot;fadeInUp&quot;,&quot;_animation_delay&quot;:400}\" data-widget_type=\"kng_fancy_box.default\">\n\t\t\t\t<div class=\"elementor-widget-container\">\n\t\t\t\t\t \r\n<div class=\"kng-fancybox relative\">\r\n    <div class=\"fancy-inner text-center\">\r\n                    <div class=\"kng-fancy-icon-wrap relative kng-transition\">        <div aria-hidden=\"true\" class=\"kng-icon kng-transition kng-fancy-icon flaticon2 flaticon2-corporate-laws\" style=\"\"><\/div>        <\/div>\r\n                 \r\n        <div class=\"kng-fancybox-content kng-transition\">\r\n                        <div class=\"kng-fancy-title kng-heading h4 text-heading\"> \r\n                Sigorta Hukuku \r\n            <\/div>\r\n                                    <div class=\"kng-fancy-description text-body\">Sigorta tazminat davalar\u0131, poli\u00e7e uyu\u015fmazl\u0131klar\u0131 ve sigorta \u015firketlerine kar\u015f\u0131 talepler.<\/div>\r\n                        <a class=\"btn btn-secondary\" href=\"https:\/\/hakkiakgun.av.tr\/tr\/services\/insurance-law\/\">                <span class=\"kng-btn-content kng-btn-content-\">\r\n                    <span class=\"kng-btn-text\">Devam\u0131n\u0131 Oku<\/span>\r\n                        <span class=\"kng-btn-icon kng-align-icon-right  rtl-flip\"> <i aria-hidden=\"true\" class=\"kngi kngi-arrow-right-solid\"><\/i> <\/span>\r\n                <\/span>\r\n            <\/a>        <\/div>\r\n    <\/div>   \r\n<\/div>\r\n \r\n\r\n\r\n\r\n\t\t\t\t<\/div>\n\t\t\t\t<\/div>\n\t\t\t\t\t<\/div>\n\t\t<\/div>\n\t\t        <div class=\"elementor-column elementor-col-50 elementor-top-column elementor-element elementor-element-d99484d kng-column-element-default\" data-id=\"d99484d\" data-element_type=\"column\">\n                        <div class=\"elementor-widget-wrap elementor-element-populated\">\n                     \n            \n         \n        \t\t<div class=\"elementor-element elementor-element-a6c2768 kng-fancybox-layout-9 elementor-invisible elementor-widget elementor-widget-kng_fancy_box\" data-id=\"a6c2768\" data-element_type=\"widget\" data-settings=\"{&quot;_animation&quot;:&quot;fadeInUp&quot;,&quot;_animation_delay&quot;:400}\" data-widget_type=\"kng_fancy_box.default\">\n\t\t\t\t<div class=\"elementor-widget-container\">\n\t\t\t\t\t \r\n<div class=\"kng-fancybox relative\">\r\n    <div class=\"fancy-inner text-center\">\r\n                    <div class=\"kng-fancy-icon-wrap relative kng-transition\">        <div aria-hidden=\"true\" class=\"kng-icon kng-transition kng-fancy-icon kngi kngi-auction\" style=\"\"><\/div>        <\/div>\r\n                 \r\n        <div class=\"kng-fancybox-content kng-transition\">\r\n                        <div class=\"kng-fancy-title kng-heading h4 text-heading\"> \r\n                Ceza Hukuku \r\n            <\/div>\r\n                                    <div class=\"kng-fancy-description text-body\">Savunma hizmetleri, g\u00f6zalt\u0131 itirazlar\u0131, adli kontrol ve ma\u011fdur haklar\u0131 konular\u0131nda temsil.<\/div>\r\n                        <a class=\"btn btn-secondary\" href=\"https:\/\/hakkiakgun.av.tr\/tr\/services\/criminal-law\/\">                <span class=\"kng-btn-content kng-btn-content-\">\r\n                    <span class=\"kng-btn-text\">Devam\u0131n\u0131 Oku<\/span>\r\n                        <span class=\"kng-btn-icon kng-align-icon-right  rtl-flip\"> <i aria-hidden=\"true\" class=\"kngi kngi-arrow-right-solid\"><\/i> <\/span>\r\n                <\/span>\r\n            <\/a>        <\/div>\r\n    <\/div>   \r\n<\/div>\r\n \r\n\r\n\r\n\r\n\t\t\t\t<\/div>\n\t\t\t\t<\/div>\n\t\t\t\t\t<\/div>\n\t\t<\/div>\n\t\t            <\/div>\n        <\/section>\n                <section class=\"elementor-section elementor-top-section elementor-element elementor-element-352e896 elementor-section-boxed elementor-section-height-default elementor-section-height-default kng-section-overflow-hidden-no kng-boxed-bg-false kng-section-boxed-divider-false\" data-id=\"352e896\" data-element_type=\"section\">\n                                             \n            <div class=\"elementor-container elementor-column-gap-default\">\n                    <div class=\"elementor-column elementor-col-50 elementor-top-column elementor-element elementor-element-5c1ab77 kng-column-element-default\" data-id=\"5c1ab77\" data-element_type=\"column\">\n                        <div class=\"elementor-widget-wrap elementor-element-populated\">\n                     \n            \n         \n        \t\t<div class=\"elementor-element elementor-element-b855a7a kng-fancybox-layout-9 elementor-invisible elementor-widget elementor-widget-kng_fancy_box\" data-id=\"b855a7a\" data-element_type=\"widget\" data-settings=\"{&quot;_animation&quot;:&quot;fadeInUp&quot;,&quot;_animation_delay&quot;:200}\" data-widget_type=\"kng_fancy_box.default\">\n\t\t\t\t<div class=\"elementor-widget-container\">\n\t\t\t\t\t \r\n<div class=\"kng-fancybox relative\">\r\n    <div class=\"fancy-inner text-center\">\r\n                    <div class=\"kng-fancy-icon-wrap relative kng-transition\">        <div aria-hidden=\"true\" class=\"kng-icon kng-transition kng-fancy-icon flaticon2 flaticon2-law-1\" style=\"\"><\/div>        <\/div>\r\n                 \r\n        <div class=\"kng-fancybox-content kng-transition\">\r\n                        <div class=\"kng-fancy-title kng-heading h4 text-heading\"> \r\n                Birle\u015fme &amp; Sat\u0131n Alma \u2013 Hukuki Dan\u0131\u015fmanl\u0131k<br \/>\n \r\n            <\/div>\r\n                                    <div class=\"kng-fancy-description text-body\">Birle\u015fme ve devralmalar i\u00e7in kapsaml\u0131 hukuki destek: durum tespiti, s\u00f6zle\u015fme haz\u0131rlama ve m\u00fczakereleri, rekabet hukuku onaylar\u0131 ve i\u015flem y\u00f6netimi.<br \/>\n<br \/>\n<br \/>\n<\/div>\r\n                        <a class=\"btn btn-secondary\" href=\"https:\/\/hakkiakgun.av.tr\/tr\/services\/mergers-acquisitions-legal-advisory\/\">                <span class=\"kng-btn-content kng-btn-content-\">\r\n                    <span class=\"kng-btn-text\">Devam\u0131n\u0131 Oku<\/span>\r\n                        <span class=\"kng-btn-icon kng-align-icon-right  rtl-flip\"> <i aria-hidden=\"true\" class=\"kngi kngi-arrow-right-solid\"><\/i> <\/span>\r\n                <\/span>\r\n            <\/a>        <\/div>\r\n    <\/div>   \r\n<\/div>\r\n \r\n\r\n\r\n\r\n\t\t\t\t<\/div>\n\t\t\t\t<\/div>\n\t\t\t\t\t<\/div>\n\t\t<\/div>\n\t\t        <div class=\"elementor-column elementor-col-50 elementor-top-column elementor-element elementor-element-eedbe59 kng-column-element-default\" data-id=\"eedbe59\" data-element_type=\"column\">\n                        <div class=\"elementor-widget-wrap elementor-element-populated\">\n                     \n            \n         \n        \t\t<div class=\"elementor-element elementor-element-8f95df3 kng-fancybox-layout-9 elementor-invisible elementor-widget elementor-widget-kng_fancy_box\" data-id=\"8f95df3\" data-element_type=\"widget\" data-settings=\"{&quot;_animation&quot;:&quot;fadeInUp&quot;,&quot;_animation_delay&quot;:300}\" data-widget_type=\"kng_fancy_box.default\">\n\t\t\t\t<div class=\"elementor-widget-container\">\n\t\t\t\t\t \r\n<div class=\"kng-fancybox relative\">\r\n    <div class=\"fancy-inner text-center\">\r\n                    <div class=\"kng-fancy-icon-wrap relative kng-transition\">        <div aria-hidden=\"true\" class=\"kng-icon kng-transition kng-fancy-icon kngi kngi-diploma\" style=\"\"><\/div>        <\/div>\r\n                 \r\n        <div class=\"kng-fancybox-content kng-transition\">\r\n                        <div class=\"kng-fancy-title kng-heading h4 text-heading\"> \r\n                Yabanc\u0131 Yat\u0131r\u0131ml\u0131 \u015eirket Kurulu\u015fu \u2013 Hukuki Dan\u0131\u015fmanl\u0131k<br \/>\n \r\n            <\/div>\r\n                                    <div class=\"kng-fancy-description text-body\">T\u00fcrkiye\u2019de \u015firket kurulu\u015fu s\u00fcrecinde yabanc\u0131 yat\u0131r\u0131mc\u0131lara d\u00fczenleyici uyum, izinler, s\u00f6zle\u015fme haz\u0131rlama ve kurumsal yap\u0131land\u0131rma konular\u0131nda kapsaml\u0131 hukuki destek.<\/div>\r\n                        <a class=\"btn btn-secondary\" href=\"https:\/\/hakkiakgun.av.tr\/tr\/services\/foreign-invested-company-formation-legal-advisory\/\">                <span class=\"kng-btn-content kng-btn-content-\">\r\n                    <span class=\"kng-btn-text\">Devam\u0131n\u0131 Oku<\/span>\r\n                        <span class=\"kng-btn-icon kng-align-icon-right  rtl-flip\"> <i aria-hidden=\"true\" class=\"kngi kngi-arrow-right-solid\"><\/i> <\/span>\r\n                <\/span>\r\n            <\/a>        <\/div>\r\n    <\/div>   \r\n<\/div>\r\n \r\n\r\n\r\n\r\n\t\t\t\t<\/div>\n\t\t\t\t<\/div>\n\t\t\t\t\t<\/div>\n\t\t<\/div>\n\t\t            <\/div>\n        <\/section>\n        \t\t<\/div>","protected":false},"excerpt":{"rendered":"<p>Core Features What We Offers Immigration Law Expert services in residence permits, work permits, international protection applications, and appeals against deportation decisions. Read More Citizenship Procedures Citizenship applications through investment, marriage, birth and exceptional citizenship processes. Read More Insurance Law Insurance compensation lawsuits, policy disputes and claims against insurance companies. Read More Criminal Law Defense [&hellip;]<\/p>","protected":false},"author":1,"featured_media":0,"parent":0,"menu_order":0,"comment_status":"closed","ping_status":"closed","template":"","meta":{"footnotes":""},"class_list":["post-7642","page","type-page","status-publish","hentry","kng-no-post-thumbnail"],"yoast_head":"<!-- This site is optimized with the Yoast SEO plugin v25.7 - https:\/\/yoast.com\/wordpress\/plugins\/seo\/ -->\n<title>Services - Hakk\u0131 Akgun Law Office<\/title>\n<meta name=\"description\" content=\"Turkey legal services: Immigration law, Turkish citizenship, residence permits, criminal defense, insurance claims. Expert lawyers. Free consultation.\" \/>\n<meta name=\"robots\" content=\"index, follow, max-snippet:-1, max-image-preview:large, max-video-preview:-1\" \/>\n<link rel=\"canonical\" href=\"https:\/\/hakkiakgun.av.tr\/tr\/services\/\" \/>\n<meta property=\"og:locale\" content=\"tr_TR\" \/>\n<meta property=\"og:type\" content=\"article\" \/>\n<meta property=\"og:title\" content=\"Services - Hakk\u0131 Akgun Law Office\" \/>\n<meta property=\"og:description\" content=\"Turkey legal services: Immigration law, Turkish citizenship, residence permits, criminal defense, insurance claims. Expert lawyers. Free consultation.\" \/>\n<meta property=\"og:url\" content=\"https:\/\/hakkiakgun.av.tr\/tr\/services\/\" \/>\n<meta property=\"og:site_name\" content=\"Hakk\u0131 Akgun Law Office\" \/>\n<meta property=\"article:modified_time\" content=\"2025-08-21T22:25:02+00:00\" \/>\n<meta name=\"twitter:card\" content=\"summary_large_image\" \/>\n<meta name=\"twitter:label1\" content=\"Tahmini okuma s\u00fcresi\" \/>\n\t<meta name=\"twitter:data1\" content=\"1 dakika\" \/>\n<script type=\"application\/ld+json\" class=\"yoast-schema-graph\">{\"@context\":\"https:\/\/schema.org\",\"@graph\":[{\"@type\":\"WebPage\",\"@id\":\"https:\/\/hakkiakgun.av.tr\/services\/\",\"url\":\"https:\/\/hakkiakgun.av.tr\/services\/\",\"name\":\"Services - Hakk\u0131 Akgun Law Office\",\"isPartOf\":{\"@id\":\"https:\/\/hakkiakgun.av.tr\/#website\"},\"datePublished\":\"2025-08-20T22:27:35+00:00\",\"dateModified\":\"2025-08-21T22:25:02+00:00\",\"description\":\"Turkey legal services: Immigration law, Turkish citizenship, residence permits, criminal defense, insurance claims. Expert lawyers. Free consultation.\",\"breadcrumb\":{\"@id\":\"https:\/\/hakkiakgun.av.tr\/services\/#breadcrumb\"},\"inLanguage\":\"tr\",\"potentialAction\":[{\"@type\":\"ReadAction\",\"target\":[\"https:\/\/hakkiakgun.av.tr\/services\/\"]}]},{\"@type\":\"BreadcrumbList\",\"@id\":\"https:\/\/hakkiakgun.av.tr\/services\/#breadcrumb\",\"itemListElement\":[{\"@type\":\"ListItem\",\"position\":1,\"name\":\"Anasayfa\",\"item\":\"https:\/\/hakkiakgun.av.tr\/\"},{\"@type\":\"ListItem\",\"position\":2,\"name\":\"Services\"}]},{\"@type\":\"WebSite\",\"@id\":\"https:\/\/hakkiakgun.av.tr\/#website\",\"url\":\"https:\/\/hakkiakgun.av.tr\/\",\"name\":\"Hakk\u0131 Akgun Law Office\",\"description\":\"International Experience, Local Expertise - Your Legal Success Partner\",\"potentialAction\":[{\"@type\":\"SearchAction\",\"target\":{\"@type\":\"EntryPoint\",\"urlTemplate\":\"https:\/\/hakkiakgun.av.tr\/?s={search_term_string}\"},\"query-input\":{\"@type\":\"PropertyValueSpecification\",\"valueRequired\":true,\"valueName\":\"search_term_string\"}}],\"inLanguage\":\"tr\"}]}<\/script>\n<!-- \/ Yoast SEO plugin. -->","yoast_head_json":{"title":"Services - Hakk\u0131 Akgun Law Office","description":"Turkey legal services: Immigration law, Turkish citizenship, residence permits, criminal defense, insurance claims. Expert lawyers. Free consultation.","robots":{"index":"index","follow":"follow","max-snippet":"max-snippet:-1","max-image-preview":"max-image-preview:large","max-video-preview":"max-video-preview:-1"},"canonical":"https:\/\/hakkiakgun.av.tr\/tr\/services\/","og_locale":"tr_TR","og_type":"article","og_title":"Services - Hakk\u0131 Akgun Law Office","og_description":"Turkey legal services: Immigration law, Turkish citizenship, residence permits, criminal defense, insurance claims. Expert lawyers. Free consultation.","og_url":"https:\/\/hakkiakgun.av.tr\/tr\/services\/","og_site_name":"Hakk\u0131 Akgun Law Office","article_modified_time":"2025-08-21T22:25:02+00:00","twitter_card":"summary_large_image","twitter_misc":{"Tahmini okuma s\u00fcresi":"1 dakika"},"schema":{"@context":"https:\/\/schema.org","@graph":[{"@type":"WebPage","@id":"https:\/\/hakkiakgun.av.tr\/services\/","url":"https:\/\/hakkiakgun.av.tr\/services\/","name":"Services - Hakk\u0131 Akgun Law Office","isPartOf":{"@id":"https:\/\/hakkiakgun.av.tr\/#website"},"datePublished":"2025-08-20T22:27:35+00:00","dateModified":"2025-08-21T22:25:02+00:00","description":"Turkey legal services: Immigration law, Turkish citizenship, residence permits, criminal defense, insurance claims. Expert lawyers. Free consultation.","breadcrumb":{"@id":"https:\/\/hakkiakgun.av.tr\/services\/#breadcrumb"},"inLanguage":"tr","potentialAction":[{"@type":"ReadAction","target":["https:\/\/hakkiakgun.av.tr\/services\/"]}]},{"@type":"BreadcrumbList","@id":"https:\/\/hakkiakgun.av.tr\/services\/#breadcrumb","itemListElement":[{"@type":"ListItem","position":1,"name":"Anasayfa","item":"https:\/\/hakkiakgun.av.tr\/"},{"@type":"ListItem","position":2,"name":"Services"}]},{"@type":"WebSite","@id":"https:\/\/hakkiakgun.av.tr\/#website","url":"https:\/\/hakkiakgun.av.tr\/","name":"Hakk\u0131 Akgun Law Office","description":"International Experience, Local Expertise - Your Legal Success Partner","potentialAction":[{"@type":"SearchAction","target":{"@type":"EntryPoint","urlTemplate":"https:\/\/hakkiakgun.av.tr\/?s={search_term_string}"},"query-input":{"@type":"PropertyValueSpecification","valueRequired":true,"valueName":"search_term_string"}}],"inLanguage":"tr"}]}},"_links":{"self":[{"href":"https:\/\/hakkiakgun.av.tr\/tr\/wp-json\/wp\/v2\/pages\/7642","targetHints":{"allow":["GET"]}}],"collection":[{"href":"https:\/\/hakkiakgun.av.tr\/tr\/wp-json\/wp\/v2\/pages"}],"about":[{"href":"https:\/\/hakkiakgun.av.tr\/tr\/wp-json\/wp\/v2\/types\/page"}],"author":[{"embeddable":true,"href":"https:\/\/hakkiakgun.av.tr\/tr\/wp-json\/wp\/v2\/users\/1"}],"replies":[{"embeddable":true,"href":"https:\/\/hakkiakgun.av.tr\/tr\/wp-json\/wp\/v2\/comments?post=7642"}],"version-history":[{"count":25,"href":"https:\/\/hakkiakgun.av.tr\/tr\/wp-json\/wp\/v2\/pages\/7642\/revisions"}],"predecessor-version":[{"id":7784,"href":"https:\/\/hakkiakgun.av.tr\/tr\/wp-json\/wp\/v2\/pages\/7642\/revisions\/7784"}],"wp:attachment":[{"href":"https:\/\/hakkiakgun.av.tr\/tr\/wp-json\/wp\/v2\/media?parent=7642"}],"curies":[{"name":"wp","href":"https:\/\/api.w.org\/{rel}","templated":true}]}}