{"id":275,"date":"2021-10-09T02:26:39","date_gmt":"2021-10-09T02:26:39","guid":{"rendered":"https:\/\/demo.bravisthemes.com\/lawgne\/?page_id=275"},"modified":"2025-08-23T00:25:08","modified_gmt":"2025-08-23T00:25:08","slug":"faq","status":"publish","type":"page","link":"https:\/\/hakkiakgun.av.tr\/tr\/faq\/","title":{"rendered":"SSS"},"content":{"rendered":"<div data-elementor-type=\"wp-page\" data-elementor-id=\"275\" class=\"elementor elementor-275\" data-elementor-post-type=\"page\">\n\t\t\t\t        <section class=\"elementor-section elementor-top-section elementor-element elementor-element-32585c7 elementor-section-boxed elementor-section-height-default elementor-section-height-default kng-section-overflow-hidden-no kng-boxed-bg-false kng-section-boxed-divider-false\" data-id=\"32585c7\" data-element_type=\"section\" data-settings=\"{&quot;background_background&quot;:&quot;classic&quot;}\">\n                                             \n            <div class=\"elementor-container elementor-column-gap-default\">\n                    <div class=\"elementor-column elementor-col-100 elementor-top-column elementor-element elementor-element-080cac4 kng-column-element-default\" data-id=\"080cac4\" data-element_type=\"column\">\n                        <div class=\"elementor-widget-wrap elementor-element-populated\">\n                     \n            \n         \n        \t\t<div class=\"elementor-element elementor-element-b6d3651 kng-heading-layout-2 elementor-widget elementor-widget-kng_heading\" data-id=\"b6d3651\" data-element_type=\"widget\" data-widget_type=\"kng_heading.default\">\n\t\t\t\t<div class=\"elementor-widget-container\">\n\t\t\t\t\t<div class=\"kng-heading-wrap text-xs-center     text-center\">\n            <div class=\"item-sub-title style-divider\">\n            <span>SSS<\/span>\n        <\/div>\n        <h2 class=\"item-title\">\n        <span>Frequently Asked Question<br \/>\n<\/span>    <\/h2>\n<\/div>\n\n\t\t\t\t<\/div>\n\t\t\t\t<\/div>\n\t\t        <section class=\"elementor-section elementor-inner-section elementor-element elementor-element-2875d32 kng-section-3cols elementor-section-boxed elementor-section-height-default elementor-section-height-default kng-section-overflow-hidden-no kng-boxed-bg-false kng-section-boxed-divider-false\" data-id=\"2875d32\" data-element_type=\"section\">\n                                             \n            <div class=\"elementor-container elementor-column-gap-default\">\n                    <div class=\"elementor-column elementor-col-16 elementor-inner-column elementor-element elementor-element-223fd57 kng-column-element-default\" data-id=\"223fd57\" data-element_type=\"column\">\n                        <div class=\"elementor-widget-wrap elementor-element-populated\">\n                     \n            \n         \n        \t\t<div class=\"elementor-element elementor-element-4d7bce8 kng-fancybox-layout-10 elementor-invisible elementor-widget elementor-widget-kng_fancy_box\" data-id=\"4d7bce8\" data-element_type=\"widget\" data-settings=\"{&quot;_animation&quot;:&quot;fadeInUp&quot;,&quot;_animation_delay&quot;:200}\" data-widget_type=\"kng_fancy_box.default\">\n\t\t\t\t<div class=\"elementor-widget-container\">\n\t\t\t\t\t \r\n<div class=\"kng-fancybox d-flex relative\">\r\n    <div class=\"d-flex gutters-16 gutters-sm-25\">\r\n                    <div class=\"kng-fancy-icon-wrap col-auto relative kng-transition\">        <div aria-hidden=\"true\" class=\"kng-icon kng-transition kng-fancy-icon kngi kngi-comment-alt1\" style=\"\"><\/div>        <\/div>\r\n                 \r\n        <div class=\"kng-fancybox-content col kng-transition\">\r\n                        <div class=\"kng-fancy-title kng-heading h4 text-heading\">\r\n                Oturma \u0130zni<br \/>\n            <\/div>\r\n                                <\/div>\r\n    <\/div>  \r\n    <a class=\"btn-icon absolute\" href=\"https:\/\/hakkiakgun.av.tr\/tr\/faq\/residence-permit\/\"> \r\n        <span class=\"far fa-arrow-right\"><\/span>\r\n    <\/a><\/div>\r\n \r\n\r\n\r\n\r\n\t\t\t\t<\/div>\n\t\t\t\t<\/div>\n\t\t\t\t\t<\/div>\n\t\t<\/div>\n\t\t        <div class=\"elementor-column elementor-col-16 elementor-inner-column elementor-element elementor-element-b43f749 kng-column-element-default\" data-id=\"b43f749\" data-element_type=\"column\">\n                        <div class=\"elementor-widget-wrap elementor-element-populated\">\n                     \n            \n         \n        \t\t<div class=\"elementor-element elementor-element-cf36650 kng-fancybox-layout-10 elementor-invisible elementor-widget elementor-widget-kng_fancy_box\" data-id=\"cf36650\" data-element_type=\"widget\" data-settings=\"{&quot;_animation&quot;:&quot;fadeInUp&quot;,&quot;_animation_delay&quot;:200}\" data-widget_type=\"kng_fancy_box.default\">\n\t\t\t\t<div class=\"elementor-widget-container\">\n\t\t\t\t\t \r\n<div class=\"kng-fancybox d-flex relative\">\r\n    <div class=\"d-flex gutters-16 gutters-sm-25\">\r\n                    <div class=\"kng-fancy-icon-wrap col-auto relative kng-transition\">        <div aria-hidden=\"true\" class=\"kng-icon kng-transition kng-fancy-icon kngi kngi-comment-alt1\" style=\"\"><\/div>        <\/div>\r\n                 \r\n        <div class=\"kng-fancybox-content col kng-transition\">\r\n                        <div class=\"kng-fancy-title kng-heading h4 text-heading\">\r\n                Ge\u00e7ici Koruma            <\/div>\r\n                                <\/div>\r\n    <\/div>  \r\n    <a class=\"btn-icon absolute\" href=\"https:\/\/hakkiakgun.av.tr\/tr\/faq\/temporary-protection\/\"> \r\n        <span class=\"far fa-arrow-right\"><\/span>\r\n    <\/a><\/div>\r\n \r\n\r\n\r\n\r\n\t\t\t\t<\/div>\n\t\t\t\t<\/div>\n\t\t\t\t\t<\/div>\n\t\t<\/div>\n\t\t        <div class=\"elementor-column elementor-col-16 elementor-inner-column elementor-element elementor-element-e278d6f kng-column-element-default\" data-id=\"e278d6f\" data-element_type=\"column\">\n                        <div class=\"elementor-widget-wrap elementor-element-populated\">\n                     \n            \n         \n        \t\t<div class=\"elementor-element elementor-element-e370eb2 kng-fancybox-layout-10 elementor-invisible elementor-widget elementor-widget-kng_fancy_box\" data-id=\"e370eb2\" data-element_type=\"widget\" data-settings=\"{&quot;_animation&quot;:&quot;fadeInUp&quot;,&quot;_animation_delay&quot;:200}\" data-widget_type=\"kng_fancy_box.default\">\n\t\t\t\t<div class=\"elementor-widget-container\">\n\t\t\t\t\t \r\n<div class=\"kng-fancybox d-flex relative\">\r\n    <div class=\"d-flex gutters-16 gutters-sm-25\">\r\n                    <div class=\"kng-fancy-icon-wrap col-auto relative kng-transition\">        <div aria-hidden=\"true\" class=\"kng-icon kng-transition kng-fancy-icon kngi kngi-comment-alt1\" style=\"\"><\/div>        <\/div>\r\n                 \r\n        <div class=\"kng-fancybox-content col kng-transition\">\r\n                        <div class=\"kng-fancy-title kng-heading h4 text-heading\">\r\n                \u00c7al\u0131\u015fma \u0130zni<br \/>\n            <\/div>\r\n                                <\/div>\r\n    <\/div>  \r\n    <a class=\"btn-icon absolute\" href=\"https:\/\/hakkiakgun.av.tr\/tr\/faq\/work-permit\/\"> \r\n        <span class=\"far fa-arrow-right\"><\/span>\r\n    <\/a><\/div>\r\n \r\n\r\n\r\n\r\n\t\t\t\t<\/div>\n\t\t\t\t<\/div>\n\t\t\t\t\t<\/div>\n\t\t<\/div>\n\t\t        <div class=\"elementor-column elementor-col-16 elementor-inner-column elementor-element elementor-element-fa1840a kng-column-element-default\" data-id=\"fa1840a\" data-element_type=\"column\">\n                        <div class=\"elementor-widget-wrap elementor-element-populated\">\n                     \n            \n         \n        \t\t<div class=\"elementor-element elementor-element-0ac6edd kng-fancybox-layout-10 elementor-invisible elementor-widget elementor-widget-kng_fancy_box\" data-id=\"0ac6edd\" data-element_type=\"widget\" data-settings=\"{&quot;_animation&quot;:&quot;fadeInUp&quot;,&quot;_animation_delay&quot;:200}\" data-widget_type=\"kng_fancy_box.default\">\n\t\t\t\t<div class=\"elementor-widget-container\">\n\t\t\t\t\t \r\n<div class=\"kng-fancybox d-flex relative\">\r\n    <div class=\"d-flex gutters-16 gutters-sm-25\">\r\n                    <div class=\"kng-fancy-icon-wrap col-auto relative kng-transition\">        <div aria-hidden=\"true\" class=\"kng-icon kng-transition kng-fancy-icon kngi kngi-comment-alt1\" style=\"\"><\/div>        <\/div>\r\n                 \r\n        <div class=\"kng-fancybox-content col kng-transition\">\r\n                        <div class=\"kng-fancy-title kng-heading h4 text-heading\">\r\n                Uluslararas\u0131 Koruma<br \/>\n            <\/div>\r\n                                <\/div>\r\n    <\/div>  \r\n    <a class=\"btn-icon absolute\" href=\"https:\/\/hakkiakgun.av.tr\/tr\/faq\/international-protection\/\"> \r\n        <span class=\"far fa-arrow-right\"><\/span>\r\n    <\/a><\/div>\r\n \r\n\r\n\r\n\r\n\t\t\t\t<\/div>\n\t\t\t\t<\/div>\n\t\t\t\t\t<\/div>\n\t\t<\/div>\n\t\t        <div class=\"elementor-column elementor-col-16 elementor-inner-column elementor-element elementor-element-a0789d4 kng-column-element-default\" data-id=\"a0789d4\" data-element_type=\"column\">\n                        <div class=\"elementor-widget-wrap elementor-element-populated\">\n                     \n            \n         \n        \t\t<div class=\"elementor-element elementor-element-deeedcf kng-fancybox-layout-10 elementor-invisible elementor-widget elementor-widget-kng_fancy_box\" data-id=\"deeedcf\" data-element_type=\"widget\" data-settings=\"{&quot;_animation&quot;:&quot;fadeInUp&quot;,&quot;_animation_delay&quot;:200}\" data-widget_type=\"kng_fancy_box.default\">\n\t\t\t\t<div class=\"elementor-widget-container\">\n\t\t\t\t\t \r\n<div class=\"kng-fancybox d-flex relative\">\r\n    <div class=\"d-flex gutters-16 gutters-sm-25\">\r\n                    <div class=\"kng-fancy-icon-wrap col-auto relative kng-transition\">        <div aria-hidden=\"true\" class=\"kng-icon kng-transition kng-fancy-icon kngi kngi-comment-alt1\" style=\"\"><\/div>        <\/div>\r\n                 \r\n        <div class=\"kng-fancybox-content col kng-transition\">\r\n                        <div class=\"kng-fancy-title kng-heading h4 text-heading\">\r\n                Vize            <\/div>\r\n                                <\/div>\r\n    <\/div>  \r\n    <a class=\"btn-icon absolute\" href=\"https:\/\/hakkiakgun.av.tr\/tr\/faq\/visa\/\"> \r\n        <span class=\"far fa-arrow-right\"><\/span>\r\n    <\/a><\/div>\r\n \r\n\r\n\r\n\r\n\t\t\t\t<\/div>\n\t\t\t\t<\/div>\n\t\t\t\t\t<\/div>\n\t\t<\/div>\n\t\t        <div class=\"elementor-column elementor-col-16 elementor-inner-column elementor-element elementor-element-1f06d0c kng-column-element-default\" data-id=\"1f06d0c\" data-element_type=\"column\">\n                        <div class=\"elementor-widget-wrap elementor-element-populated\">\n                     \n            \n         \n        \t\t<div class=\"elementor-element elementor-element-acc9141 kng-fancybox-layout-10 elementor-invisible elementor-widget elementor-widget-kng_fancy_box\" data-id=\"acc9141\" data-element_type=\"widget\" data-settings=\"{&quot;_animation&quot;:&quot;fadeInUp&quot;,&quot;_animation_delay&quot;:200}\" data-widget_type=\"kng_fancy_box.default\">\n\t\t\t\t<div class=\"elementor-widget-container\">\n\t\t\t\t\t \r\n<div class=\"kng-fancybox d-flex relative\">\r\n    <div class=\"d-flex gutters-16 gutters-sm-25\">\r\n                    <div class=\"kng-fancy-icon-wrap col-auto relative kng-transition\">        <div aria-hidden=\"true\" class=\"kng-icon kng-transition kng-fancy-icon kngi kngi-comment-alt1\" style=\"\"><\/div>        <\/div>\r\n                 \r\n        <div class=\"kng-fancybox-content col kng-transition\">\r\n                        <div class=\"kng-fancy-title kng-heading h4 text-heading\">\r\n                \u0130nsan Ticareti<br \/>\n            <\/div>\r\n                                <\/div>\r\n    <\/div>  \r\n    <a class=\"btn-icon absolute\" href=\"https:\/\/hakkiakgun.av.tr\/tr\/faq\/human-trafficking\/\"> \r\n        <span class=\"far fa-arrow-right\"><\/span>\r\n    <\/a><\/div>\r\n \r\n\r\n\r\n\r\n\t\t\t\t<\/div>\n\t\t\t\t<\/div>\n\t\t\t\t\t<\/div>\n\t\t<\/div>\n\t\t            <\/div>\n        <\/section>\n        \t\t\t<\/div>\n\t\t<\/div>\n\t\t            <\/div>\n        <\/section>\n        \t\t<\/div>","protected":false},"excerpt":{"rendered":"<p>FAQ Frequently Asked Question Residence Permit Temporary Protection Work Permit International Protection Visa Human Trafficking<\/p>","protected":false},"author":1,"featured_media":0,"parent":0,"menu_order":0,"comment_status":"closed","ping_status":"closed","template":"","meta":{"footnotes":""},"class_list":["post-275","page","type-page","status-publish","hentry","kng-no-post-thumbnail"],"yoast_head":"<!-- This site is optimized with the Yoast SEO plugin v25.7 - https:\/\/yoast.com\/wordpress\/plugins\/seo\/ -->\n<title>FAQ - Hakk\u0131 Akgun Law Office<\/title>\n<meta name=\"description\" content=\"Get expert immigration services in Turkey. Professional assistance with residence permits, work permits, visa applications, temporary protection status, international protection, and human trafficking victim support. Comprehensive legal guidance for foreigners in Turkey.\" \/>\n<meta name=\"robots\" content=\"index, follow, max-snippet:-1, max-image-preview:large, max-video-preview:-1\" \/>\n<link rel=\"canonical\" href=\"https:\/\/hakkiakgun.av.tr\/tr\/faq\/\" \/>\n<meta property=\"og:locale\" content=\"tr_TR\" \/>\n<meta property=\"og:type\" content=\"article\" \/>\n<meta property=\"og:title\" content=\"FAQ - Hakk\u0131 Akgun Law Office\" \/>\n<meta property=\"og:description\" content=\"Get expert immigration services in Turkey. Professional assistance with residence permits, work permits, visa applications, temporary protection status, international protection, and human trafficking victim support. Comprehensive legal guidance for foreigners in Turkey.\" \/>\n<meta property=\"og:url\" content=\"https:\/\/hakkiakgun.av.tr\/tr\/faq\/\" \/>\n<meta property=\"og:site_name\" content=\"Hakk\u0131 Akgun Law Office\" \/>\n<meta property=\"article:modified_time\" content=\"2025-08-23T00:25:08+00:00\" \/>\n<meta name=\"twitter:card\" content=\"summary_large_image\" \/>\n<meta name=\"twitter:label1\" content=\"Tahmini okuma s\u00fcresi\" \/>\n\t<meta name=\"twitter:data1\" content=\"1 dakika\" \/>\n<script type=\"application\/ld+json\" class=\"yoast-schema-graph\">{\"@context\":\"https:\/\/schema.org\",\"@graph\":[{\"@type\":\"WebPage\",\"@id\":\"https:\/\/hakkiakgun.av.tr\/faq\/\",\"url\":\"https:\/\/hakkiakgun.av.tr\/faq\/\",\"name\":\"FAQ - Hakk\u0131 Akgun Law Office\",\"isPartOf\":{\"@id\":\"https:\/\/hakkiakgun.av.tr\/#website\"},\"datePublished\":\"2021-10-09T02:26:39+00:00\",\"dateModified\":\"2025-08-23T00:25:08+00:00\",\"description\":\"Get expert immigration services in Turkey. Professional assistance with residence permits, work permits, visa applications, temporary protection status, international protection, and human trafficking victim support. Comprehensive legal guidance for foreigners in Turkey.\",\"breadcrumb\":{\"@id\":\"https:\/\/hakkiakgun.av.tr\/faq\/#breadcrumb\"},\"inLanguage\":\"tr\",\"potentialAction\":[{\"@type\":\"ReadAction\",\"target\":[\"https:\/\/hakkiakgun.av.tr\/faq\/\"]}]},{\"@type\":\"BreadcrumbList\",\"@id\":\"https:\/\/hakkiakgun.av.tr\/faq\/#breadcrumb\",\"itemListElement\":[{\"@type\":\"ListItem\",\"position\":1,\"name\":\"Anasayfa\",\"item\":\"https:\/\/hakkiakgun.av.tr\/\"},{\"@type\":\"ListItem\",\"position\":2,\"name\":\"FAQ\"}]},{\"@type\":\"WebSite\",\"@id\":\"https:\/\/hakkiakgun.av.tr\/#website\",\"url\":\"https:\/\/hakkiakgun.av.tr\/\",\"name\":\"Hakk\u0131 Akgun Law Office\",\"description\":\"International Experience, Local Expertise - Your Legal Success Partner\",\"potentialAction\":[{\"@type\":\"SearchAction\",\"target\":{\"@type\":\"EntryPoint\",\"urlTemplate\":\"https:\/\/hakkiakgun.av.tr\/?s={search_term_string}\"},\"query-input\":{\"@type\":\"PropertyValueSpecification\",\"valueRequired\":true,\"valueName\":\"search_term_string\"}}],\"inLanguage\":\"tr\"}]}<\/script>\n<!-- \/ Yoast SEO plugin. -->","yoast_head_json":{"title":"FAQ - Hakk\u0131 Akgun Law Office","description":"Get expert immigration services in Turkey. Professional assistance with residence permits, work permits, visa applications, temporary protection status, international protection, and human trafficking victim support. Comprehensive legal guidance for foreigners in Turkey.","robots":{"index":"index","follow":"follow","max-snippet":"max-snippet:-1","max-image-preview":"max-image-preview:large","max-video-preview":"max-video-preview:-1"},"canonical":"https:\/\/hakkiakgun.av.tr\/tr\/faq\/","og_locale":"tr_TR","og_type":"article","og_title":"FAQ - Hakk\u0131 Akgun Law Office","og_description":"Get expert immigration services in Turkey. Professional assistance with residence permits, work permits, visa applications, temporary protection status, international protection, and human trafficking victim support. Comprehensive legal guidance for foreigners in Turkey.","og_url":"https:\/\/hakkiakgun.av.tr\/tr\/faq\/","og_site_name":"Hakk\u0131 Akgun Law Office","article_modified_time":"2025-08-23T00:25:08+00:00","twitter_card":"summary_large_image","twitter_misc":{"Tahmini okuma s\u00fcresi":"1 dakika"},"schema":{"@context":"https:\/\/schema.org","@graph":[{"@type":"WebPage","@id":"https:\/\/hakkiakgun.av.tr\/faq\/","url":"https:\/\/hakkiakgun.av.tr\/faq\/","name":"FAQ - Hakk\u0131 Akgun Law Office","isPartOf":{"@id":"https:\/\/hakkiakgun.av.tr\/#website"},"datePublished":"2021-10-09T02:26:39+00:00","dateModified":"2025-08-23T00:25:08+00:00","description":"Get expert immigration services in Turkey. Professional assistance with residence permits, work permits, visa applications, temporary protection status, international protection, and human trafficking victim support. Comprehensive legal guidance for foreigners in Turkey.","breadcrumb":{"@id":"https:\/\/hakkiakgun.av.tr\/faq\/#breadcrumb"},"inLanguage":"tr","potentialAction":[{"@type":"ReadAction","target":["https:\/\/hakkiakgun.av.tr\/faq\/"]}]},{"@type":"BreadcrumbList","@id":"https:\/\/hakkiakgun.av.tr\/faq\/#breadcrumb","itemListElement":[{"@type":"ListItem","position":1,"name":"Anasayfa","item":"https:\/\/hakkiakgun.av.tr\/"},{"@type":"ListItem","position":2,"name":"FAQ"}]},{"@type":"WebSite","@id":"https:\/\/hakkiakgun.av.tr\/#website","url":"https:\/\/hakkiakgun.av.tr\/","name":"Hakk\u0131 Akgun Law Office","description":"International Experience, Local Expertise - Your Legal Success Partner","potentialAction":[{"@type":"SearchAction","target":{"@type":"EntryPoint","urlTemplate":"https:\/\/hakkiakgun.av.tr\/?s={search_term_string}"},"query-input":{"@type":"PropertyValueSpecification","valueRequired":true,"valueName":"search_term_string"}}],"inLanguage":"tr"}]}},"_links":{"self":[{"href":"https:\/\/hakkiakgun.av.tr\/tr\/wp-json\/wp\/v2\/pages\/275","targetHints":{"allow":["GET"]}}],"collection":[{"href":"https:\/\/hakkiakgun.av.tr\/tr\/wp-json\/wp\/v2\/pages"}],"about":[{"href":"https:\/\/hakkiakgun.av.tr\/tr\/wp-json\/wp\/v2\/types\/page"}],"author":[{"embeddable":true,"href":"https:\/\/hakkiakgun.av.tr\/tr\/wp-json\/wp\/v2\/users\/1"}],"replies":[{"embeddable":true,"href":"https:\/\/hakkiakgun.av.tr\/tr\/wp-json\/wp\/v2\/comments?post=275"}],"version-history":[{"count":48,"href":"https:\/\/hakkiakgun.av.tr\/tr\/wp-json\/wp\/v2\/pages\/275\/revisions"}],"predecessor-version":[{"id":7906,"href":"https:\/\/hakkiakgun.av.tr\/tr\/wp-json\/wp\/v2\/pages\/275\/revisions\/7906"}],"wp:attachment":[{"href":"https:\/\/hakkiakgun.av.tr\/tr\/wp-json\/wp\/v2\/media?parent=275"}],"curies":[{"name":"wp","href":"https:\/\/api.w.org\/{rel}","templated":true}]}}